{"id":1533,"date":"2012-03-12T19:02:11","date_gmt":"2012-03-12T19:02:11","guid":{"rendered":"http:\/\/jordipujoljardiner.es\/ca\/contacto\/"},"modified":"2025-01-08T09:52:59","modified_gmt":"2025-01-08T09:52:59","slug":"contacto","status":"publish","type":"page","link":"https:\/\/jordipujoljardiner.es\/ca\/contacto\/","title":{"rendered":"Contacte"},"content":{"rendered":"<div class=\"fusion-fullwidth fullwidth-box fusion-builder-row-1 fusion-flex-container nonhundred-percent-fullwidth non-hundred-percent-height-scrolling\" style=\"--awb-border-radius-top-left:0px;--awb-border-radius-top-right:0px;--awb-border-radius-bottom-right:0px;--awb-border-radius-bottom-left:0px;--awb-flex-wrap:wrap;\" ><div class=\"fusion-builder-row fusion-row fusion-flex-align-items-flex-start fusion-flex-content-wrap\" style=\"max-width:93.6%;margin-left: calc(-4% \/ 2 );margin-right: calc(-4% \/ 2 );\"><div class=\"fusion-layout-column fusion_builder_column fusion-builder-column-0 fusion_builder_column_1_1 1_1 fusion-flex-column\" style=\"--awb-bg-size:cover;--awb-width-large:100%;--awb-margin-top-large:0px;--awb-spacing-right-large:1.92%;--awb-margin-bottom-large:0px;--awb-spacing-left-large:1.92%;--awb-width-medium:100%;--awb-spacing-right-medium:1.92%;--awb-spacing-left-medium:1.92%;--awb-width-small:100%;--awb-spacing-right-small:1.92%;--awb-spacing-left-small:1.92%;\"><div class=\"fusion-column-wrapper fusion-flex-justify-content-flex-start fusion-content-layout-column\"><div class=\"fusion-text fusion-text-1\"><p><strong>Jordi Pujol Jardiner<\/strong><\/p>\n<p>Des de l&#8217;any 1989 treballem en la creaci\u00f3 d&#8217;espais verds i jardins, i la seva conservaci\u00f3, perqu\u00e8 els seus propietaris puguin gaudir-ne el m\u00e0xim possible.<\/p>\n<p>Poseu-vos en contacte amb nosaltres per a qualsevol tema relacionat amb el seu jard\u00ed o terrassa:<\/p>\n<div id=\"modulo2\">\n<div id=\"direccion\">\n<div id=\"contenidodireccion\">\n<p><strong>Email:\u00a0<a href=\"mailto:jordi@jordipujoljardiner.es\">jordi@jordipujoljardiner.es<\/a><\/strong><\/p>\n<p><strong>M\u00f2bil:<\/strong>\u00a0659 494 081<\/p>\n<\/div>\n<\/div>\n<\/div>\n<\/div><div class=\"fusion-text fusion-text-2\"><div class=\"fusion-text fusion-text-2\"><\/div>\n<\/div>\n<div class=\"wpcf7 no-js\" id=\"wpcf7-f1535-o1\" lang=\"es-ES\" dir=\"ltr\" data-wpcf7-id=\"1535\">\n<div class=\"screen-reader-response\"><p role=\"status\" aria-live=\"polite\" aria-atomic=\"true\"><\/p> <ul><\/ul><\/div>\n<form action=\"\/ca\/wp-json\/wp\/v2\/pages\/1533#wpcf7-f1535-o1\" method=\"post\" class=\"wpcf7-form init\" aria-label=\"Formulario de contacto\" novalidate=\"novalidate\" data-status=\"init\">\n<fieldset class=\"hidden-fields-container\"><input type=\"hidden\" name=\"_wpcf7\" value=\"1535\" \/><input type=\"hidden\" name=\"_wpcf7_version\" value=\"6.1.5\" \/><input type=\"hidden\" name=\"_wpcf7_locale\" value=\"es_ES\" \/><input type=\"hidden\" name=\"_wpcf7_unit_tag\" value=\"wpcf7-f1535-o1\" \/><input type=\"hidden\" name=\"_wpcf7_container_post\" value=\"0\" \/><input type=\"hidden\" name=\"_wpcf7_posted_data_hash\" value=\"\" \/>\n<\/fieldset>\n<p>Nom (obligatori)\n<\/p>\n<p><span class=\"wpcf7-form-control-wrap\" data-name=\"your-name\"><input size=\"40\" maxlength=\"400\" class=\"wpcf7-form-control wpcf7-text wpcf7-validates-as-required\" aria-required=\"true\" aria-invalid=\"false\" value=\"\" type=\"text\" name=\"your-name\" \/><\/span>\n<\/p>\n<p>Correu electr\u00f2nic (obligatori)\n<\/p>\n<p><span class=\"wpcf7-form-control-wrap\" data-name=\"your-email\"><input size=\"40\" maxlength=\"400\" class=\"wpcf7-form-control wpcf7-email wpcf7-validates-as-required wpcf7-text wpcf7-validates-as-email\" aria-required=\"true\" aria-invalid=\"false\" value=\"\" type=\"email\" name=\"your-email\" \/><\/span>\n<\/p>\n<p>Assumpte\n<\/p>\n<p><span class=\"wpcf7-form-control-wrap\" data-name=\"your-subject\"><input size=\"40\" maxlength=\"400\" class=\"wpcf7-form-control wpcf7-text\" aria-invalid=\"false\" value=\"\" type=\"text\" name=\"your-subject\" \/><\/span>\n<\/p>\n<p>Meissatge\n<\/p>\n<p><span class=\"wpcf7-form-control-wrap\" data-name=\"your-message\"><textarea cols=\"40\" rows=\"10\" maxlength=\"2000\" class=\"wpcf7-form-control wpcf7-textarea\" aria-invalid=\"false\" name=\"your-message\"><\/textarea><\/span>\n<\/p>\n<p><input class=\"wpcf7-form-control wpcf7-submit has-spinner\" type=\"submit\" value=\"Enviar\" \/>\n<\/p><div class=\"fusion-alert alert custom alert-custom fusion-alert-center wpcf7-response-output awb-alert-native-link-color alert-dismissable awb-alert-close-boxed\" style=\"--awb-border-size:1px;--awb-border-top-left-radius:0px;--awb-border-top-right-radius:0px;--awb-border-bottom-left-radius:0px;--awb-border-bottom-right-radius:0px;\" role=\"alert\"><div class=\"fusion-alert-content-wrapper\"><span class=\"fusion-alert-content\"><\/span><\/div><button type=\"button\" class=\"close toggle-alert\" data-dismiss=\"alert\" aria-label=\"Close\">&times;<\/button><\/div>\n<\/form>\n<\/div>\n<div class=\"fusion-text fusion-text-4\"><p style=\"text-align: center;\"><strong>La felicitat s&#8217;ha de poder gaudir dins d&#8217;un bon ambient.<\/strong><\/p>\n<h2 style=\"text-align: center; --fontSize: 26; line-height: 1.5;\" data-fontsize=\"26\" data-lineheight=\"39px\" class=\"fusion-responsive-typography-calculated\"><strong>Un jard\u00ed dissenyat amb amor, ens ajudar\u00e0 a trobar-la.<\/strong><\/h2><\/p>\n<\/div><\/div><\/div><\/div><\/div>\n","protected":false},"excerpt":{"rendered":"","protected":false},"author":5,"featured_media":0,"parent":0,"menu_order":0,"comment_status":"closed","ping_status":"closed","template":"","meta":{"footnotes":""},"class_list":["post-1533","page","type-page","status-publish","hentry"],"yoast_head":"<!-- This site is optimized with the Yoast SEO plugin v26.7 - https:\/\/yoast.com\/wordpress\/plugins\/seo\/ -->\n<title>Contacte - Jordi Pujol Jardiner<\/title>\n<meta name=\"description\" content=\"Contacta amb Jordi Pujol Jardiner per realitzar qualsevol tipus de projecte de jardineria amb els millors jardiners del Maresme.\" \/>\n<meta name=\"robots\" content=\"index, follow, max-snippet:-1, max-image-preview:large, max-video-preview:-1\" \/>\n<link rel=\"canonical\" href=\"https:\/\/jordipujoljardiner.es\/ca\/contacto\/\" \/>\n<meta property=\"og:locale\" content=\"ca_ES\" \/>\n<meta property=\"og:type\" content=\"article\" \/>\n<meta property=\"og:title\" content=\"Contacte - Jordi Pujol Jardiner\" \/>\n<meta property=\"og:description\" content=\"Contacta amb Jordi Pujol Jardiner per realitzar qualsevol tipus de projecte de jardineria amb els millors jardiners del Maresme.\" \/>\n<meta property=\"og:url\" content=\"https:\/\/jordipujoljardiner.es\/ca\/contacto\/\" \/>\n<meta property=\"og:site_name\" content=\"Jordi Pujol Jardiner\" \/>\n<meta property=\"article:modified_time\" content=\"2025-01-08T09:52:59+00:00\" \/>\n<meta name=\"twitter:card\" content=\"summary_large_image\" \/>\n<meta name=\"twitter:label1\" content=\"Temps estimat de lectura\" \/>\n\t<meta name=\"twitter:data1\" content=\"1 minut\" \/>\n<script type=\"application\/ld+json\" class=\"yoast-schema-graph\">{\"@context\":\"https:\/\/schema.org\",\"@graph\":[{\"@type\":\"WebPage\",\"@id\":\"https:\/\/jordipujoljardiner.es\/ca\/contacto\/\",\"url\":\"https:\/\/jordipujoljardiner.es\/ca\/contacto\/\",\"name\":\"Contacte - Jordi Pujol Jardiner\",\"isPartOf\":{\"@id\":\"https:\/\/jordipujoljardiner.es\/#website\"},\"datePublished\":\"2012-03-12T19:02:11+00:00\",\"dateModified\":\"2025-01-08T09:52:59+00:00\",\"description\":\"Contacta amb Jordi Pujol Jardiner per realitzar qualsevol tipus de projecte de jardineria amb els millors jardiners del Maresme.\",\"breadcrumb\":{\"@id\":\"https:\/\/jordipujoljardiner.es\/ca\/contacto\/#breadcrumb\"},\"inLanguage\":\"ca\",\"potentialAction\":[{\"@type\":\"ReadAction\",\"target\":[\"https:\/\/jordipujoljardiner.es\/ca\/contacto\/\"]}]},{\"@type\":\"BreadcrumbList\",\"@id\":\"https:\/\/jordipujoljardiner.es\/ca\/contacto\/#breadcrumb\",\"itemListElement\":[{\"@type\":\"ListItem\",\"position\":1,\"name\":\"Portada\",\"item\":\"https:\/\/jordipujoljardiner.es\/ca\/\"},{\"@type\":\"ListItem\",\"position\":2,\"name\":\"Contacte\"}]},{\"@type\":\"WebSite\",\"@id\":\"https:\/\/jordipujoljardiner.es\/#website\",\"url\":\"https:\/\/jordipujoljardiner.es\/\",\"name\":\"Jordi Pujol Jardiner\",\"description\":\"Jardiners Alella\",\"potentialAction\":[{\"@type\":\"SearchAction\",\"target\":{\"@type\":\"EntryPoint\",\"urlTemplate\":\"https:\/\/jordipujoljardiner.es\/?s={search_term_string}\"},\"query-input\":{\"@type\":\"PropertyValueSpecification\",\"valueRequired\":true,\"valueName\":\"search_term_string\"}}],\"inLanguage\":\"ca\"}]}<\/script>\n<!-- \/ Yoast SEO plugin. -->","yoast_head_json":{"title":"Contacte - Jordi Pujol Jardiner","description":"Contacta amb Jordi Pujol Jardiner per realitzar qualsevol tipus de projecte de jardineria amb els millors jardiners del Maresme.","robots":{"index":"index","follow":"follow","max-snippet":"max-snippet:-1","max-image-preview":"max-image-preview:large","max-video-preview":"max-video-preview:-1"},"canonical":"https:\/\/jordipujoljardiner.es\/ca\/contacto\/","og_locale":"ca_ES","og_type":"article","og_title":"Contacte - Jordi Pujol Jardiner","og_description":"Contacta amb Jordi Pujol Jardiner per realitzar qualsevol tipus de projecte de jardineria amb els millors jardiners del Maresme.","og_url":"https:\/\/jordipujoljardiner.es\/ca\/contacto\/","og_site_name":"Jordi Pujol Jardiner","article_modified_time":"2025-01-08T09:52:59+00:00","twitter_card":"summary_large_image","twitter_misc":{"Temps estimat de lectura":"1 minut"},"schema":{"@context":"https:\/\/schema.org","@graph":[{"@type":"WebPage","@id":"https:\/\/jordipujoljardiner.es\/ca\/contacto\/","url":"https:\/\/jordipujoljardiner.es\/ca\/contacto\/","name":"Contacte - Jordi Pujol Jardiner","isPartOf":{"@id":"https:\/\/jordipujoljardiner.es\/#website"},"datePublished":"2012-03-12T19:02:11+00:00","dateModified":"2025-01-08T09:52:59+00:00","description":"Contacta amb Jordi Pujol Jardiner per realitzar qualsevol tipus de projecte de jardineria amb els millors jardiners del Maresme.","breadcrumb":{"@id":"https:\/\/jordipujoljardiner.es\/ca\/contacto\/#breadcrumb"},"inLanguage":"ca","potentialAction":[{"@type":"ReadAction","target":["https:\/\/jordipujoljardiner.es\/ca\/contacto\/"]}]},{"@type":"BreadcrumbList","@id":"https:\/\/jordipujoljardiner.es\/ca\/contacto\/#breadcrumb","itemListElement":[{"@type":"ListItem","position":1,"name":"Portada","item":"https:\/\/jordipujoljardiner.es\/ca\/"},{"@type":"ListItem","position":2,"name":"Contacte"}]},{"@type":"WebSite","@id":"https:\/\/jordipujoljardiner.es\/#website","url":"https:\/\/jordipujoljardiner.es\/","name":"Jordi Pujol Jardiner","description":"Jardiners Alella","potentialAction":[{"@type":"SearchAction","target":{"@type":"EntryPoint","urlTemplate":"https:\/\/jordipujoljardiner.es\/?s={search_term_string}"},"query-input":{"@type":"PropertyValueSpecification","valueRequired":true,"valueName":"search_term_string"}}],"inLanguage":"ca"}]}},"_links":{"self":[{"href":"https:\/\/jordipujoljardiner.es\/ca\/wp-json\/wp\/v2\/pages\/1533","targetHints":{"allow":["GET"]}}],"collection":[{"href":"https:\/\/jordipujoljardiner.es\/ca\/wp-json\/wp\/v2\/pages"}],"about":[{"href":"https:\/\/jordipujoljardiner.es\/ca\/wp-json\/wp\/v2\/types\/page"}],"author":[{"embeddable":true,"href":"https:\/\/jordipujoljardiner.es\/ca\/wp-json\/wp\/v2\/users\/5"}],"replies":[{"embeddable":true,"href":"https:\/\/jordipujoljardiner.es\/ca\/wp-json\/wp\/v2\/comments?post=1533"}],"version-history":[{"count":4,"href":"https:\/\/jordipujoljardiner.es\/ca\/wp-json\/wp\/v2\/pages\/1533\/revisions"}],"predecessor-version":[{"id":2836,"href":"https:\/\/jordipujoljardiner.es\/ca\/wp-json\/wp\/v2\/pages\/1533\/revisions\/2836"}],"wp:attachment":[{"href":"https:\/\/jordipujoljardiner.es\/ca\/wp-json\/wp\/v2\/media?parent=1533"}],"curies":[{"name":"wp","href":"https:\/\/api.w.org\/{rel}","templated":true}]}}