{"id":1524,"date":"2014-03-16T09:45:11","date_gmt":"2014-03-16T09:45:11","guid":{"rendered":"http:\/\/jordipujoljardiner.es\/ca\/otros-trabajos\/"},"modified":"2024-12-31T08:18:03","modified_gmt":"2024-12-31T08:18:03","slug":"otros-trabajos","status":"publish","type":"page","link":"https:\/\/jordipujoljardiner.es\/ca\/otros-trabajos\/","title":{"rendered":"Altres treballs"},"content":{"rendered":"<p>Cada vegada m\u00e9s sovint ens trobem amb projectes on no sols \u00e9s necessari un bon jardiner i les seves especials mans amb experi\u00e8ncia. Trobem necessitats que, sent vinculades amb l&#8217;espai exterior de la llar requereixen actuacions integrals i la nostra missi\u00f3 \u00e9s sempre facilitar les decisions de vost\u00e8s, els nostres clients.<\/p>\n<p>A continuaci\u00f3 presentem un conjunt de treballs que hem dut a terme, s\u00f3n nom\u00e9s mostres. Totes mostra la nostra capacitat de treball i adaptaci\u00f3 a les necessitats de cada enc\u00e0rrec, que sens dubte el sorprendran. Per a nosaltres el m\u00e9s important \u00e9s la seva satisfacci\u00f3.<\/p>\n<p>Amb nom\u00e9s una visita a l&#8217;espai del projecte, segur que se&#8217;ns ocorreran moltes idees i solucions per a fer del jard\u00ed un lloc perfecte per a gaudir-lo.<\/p>\n<div class=\"traductor-checkbox form-group\">\n<div class=\"row\">\n<div class=\"col-sm-5\"><\/div>\n<\/div>\n<\/div>\n\n\t\t<style type=\"text\/css\">\n\t\t\t#gallery-1 {\n\t\t\t\tmargin: auto;\n\t\t\t}\n\t\t\t#gallery-1 .gallery-item {\n\t\t\t\tfloat: left;\n\t\t\t\tmargin-top: 10px;\n\t\t\t\ttext-align: center;\n\t\t\t\twidth: 33%;\n\t\t\t}\n\t\t\t#gallery-1 img {\n\t\t\t\tborder: 2px solid #cfcfcf;\n\t\t\t}\n\t\t\t#gallery-1 .gallery-caption {\n\t\t\t\tmargin-left: 0;\n\t\t\t}\n\t\t\t\/* see gallery_shortcode() in wp-includes\/media.php *\/\n\t\t<\/style>\n\t\t<div id='gallery-1' class='gallery galleryid-1524 gallery-columns-3 gallery-size-medium'><dl class='gallery-item'>\n\t\t\t<dt class='gallery-icon portrait'>\n\t\t\t\t<a data-rel=\"iLightbox[postimages]\" data-title=\"Alella-20160223-00493\" data-caption=\"\" href='https:\/\/jordipujoljardiner.es\/wp-content\/uploads\/2013\/05\/Alella-20160223-00493-e1457365977757.jpg'><img decoding=\"async\" width=\"225\" height=\"300\" src=\"https:\/\/jordipujoljardiner.es\/wp-content\/uploads\/2013\/05\/Alella-20160223-00493-e1457365977757-225x300.jpg\" class=\"attachment-medium size-medium\" alt=\"\" srcset=\"https:\/\/jordipujoljardiner.es\/wp-content\/uploads\/2013\/05\/Alella-20160223-00493-e1457365977757-225x300.jpg 225w, https:\/\/jordipujoljardiner.es\/wp-content\/uploads\/2013\/05\/Alella-20160223-00493-e1457365977757-768x1024.jpg 768w\" sizes=\"(max-width: 225px) 100vw, 225px\" \/><\/a>\n\t\t\t<\/dt><\/dl><dl class='gallery-item'>\n\t\t\t<dt class='gallery-icon landscape'>\n\t\t\t\t<a data-rel=\"iLightbox[postimages]\" data-title=\"patio olivo maceta empedrado\" data-caption=\"\" href='https:\/\/jordipujoljardiner.es\/wp-content\/uploads\/2012\/03\/IMG-20110928-000041.jpg'><img decoding=\"async\" width=\"300\" height=\"225\" src=\"https:\/\/jordipujoljardiner.es\/wp-content\/uploads\/2012\/03\/IMG-20110928-000041-300x225.jpg\" class=\"attachment-medium size-medium\" alt=\"\" srcset=\"https:\/\/jordipujoljardiner.es\/wp-content\/uploads\/2012\/03\/IMG-20110928-000041-300x225.jpg 300w, https:\/\/jordipujoljardiner.es\/wp-content\/uploads\/2012\/03\/IMG-20110928-000041-1024x768.jpg 1024w\" sizes=\"(max-width: 300px) 100vw, 300px\" \/><\/a>\n\t\t\t<\/dt><\/dl><dl class='gallery-item'>\n\t\t\t<dt class='gallery-icon portrait'>\n\t\t\t\t<a data-rel=\"iLightbox[postimages]\" data-title=\"\" data-caption=\"\" href='https:\/\/jordipujoljardiner.es\/wp-content\/uploads\/2012\/03\/Alella-20120216-00124.jpg'><img decoding=\"async\" width=\"225\" height=\"300\" src=\"https:\/\/jordipujoljardiner.es\/wp-content\/uploads\/2012\/03\/Alella-20120216-00124-225x300.jpg\" class=\"attachment-medium size-medium\" alt=\"\" srcset=\"https:\/\/jordipujoljardiner.es\/wp-content\/uploads\/2012\/03\/Alella-20120216-00124-225x300.jpg 225w, https:\/\/jordipujoljardiner.es\/wp-content\/uploads\/2012\/03\/Alella-20120216-00124-768x1024.jpg 768w\" sizes=\"(max-width: 225px) 100vw, 225px\" \/><\/a>\n\t\t\t<\/dt><\/dl><br style=\"clear: both\" \/><dl class='gallery-item'>\n\t\t\t<dt class='gallery-icon landscape'>\n\t\t\t\t<a data-rel=\"iLightbox[postimages]\" data-title=\"garaje\" data-caption=\"\" href='https:\/\/jordipujoljardiner.es\/wp-content\/uploads\/2012\/03\/PICT0030.jpg'><img decoding=\"async\" width=\"300\" height=\"225\" src=\"https:\/\/jordipujoljardiner.es\/wp-content\/uploads\/2012\/03\/PICT0030-300x225.jpg\" class=\"attachment-medium size-medium\" alt=\"\" srcset=\"https:\/\/jordipujoljardiner.es\/wp-content\/uploads\/2012\/03\/PICT0030-300x225.jpg 300w, https:\/\/jordipujoljardiner.es\/wp-content\/uploads\/2012\/03\/PICT0030-1024x768.jpg 1024w\" sizes=\"(max-width: 300px) 100vw, 300px\" \/><\/a>\n\t\t\t<\/dt><\/dl><dl class='gallery-item'>\n\t\t\t<dt class='gallery-icon landscape'>\n\t\t\t\t<a data-rel=\"iLightbox[postimages]\" data-title=\"composicion piedra y lago\" data-caption=\"\" href='https:\/\/jordipujoljardiner.es\/wp-content\/uploads\/2012\/03\/File02391.jpg'><img decoding=\"async\" width=\"300\" height=\"197\" src=\"https:\/\/jordipujoljardiner.es\/wp-content\/uploads\/2012\/03\/File02391-300x197.jpg\" class=\"attachment-medium size-medium\" alt=\"composicion piedra y lago\" srcset=\"https:\/\/jordipujoljardiner.es\/wp-content\/uploads\/2012\/03\/File02391-300x197.jpg 300w, https:\/\/jordipujoljardiner.es\/wp-content\/uploads\/2012\/03\/File02391-1024x673.jpg 1024w, https:\/\/jordipujoljardiner.es\/wp-content\/uploads\/2012\/03\/File02391.jpg 1770w\" sizes=\"(max-width: 300px) 100vw, 300px\" \/><\/a>\n\t\t\t<\/dt><\/dl><dl class='gallery-item'>\n\t\t\t<dt class='gallery-icon landscape'>\n\t\t\t\t<a data-rel=\"iLightbox[postimages]\" data-title=\"Alella-20140226-00206_opt\" data-caption=\"\" href='https:\/\/jordipujoljardiner.es\/wp-content\/uploads\/2014\/03\/Alella-20140226-00206_opt.jpeg'><img decoding=\"async\" width=\"300\" height=\"225\" src=\"https:\/\/jordipujoljardiner.es\/wp-content\/uploads\/2014\/03\/Alella-20140226-00206_opt-300x225.jpeg\" class=\"attachment-medium size-medium\" alt=\"\" srcset=\"https:\/\/jordipujoljardiner.es\/wp-content\/uploads\/2014\/03\/Alella-20140226-00206_opt-300x225.jpeg 300w, https:\/\/jordipujoljardiner.es\/wp-content\/uploads\/2014\/03\/Alella-20140226-00206_opt.jpeg 800w\" sizes=\"(max-width: 300px) 100vw, 300px\" \/><\/a>\n\t\t\t<\/dt><\/dl><br style=\"clear: both\" \/><dl class='gallery-item'>\n\t\t\t<dt class='gallery-icon landscape'>\n\t\t\t\t<a data-rel=\"iLightbox[postimages]\" data-title=\"dise\u00f1o terraza\" data-caption=\"\" href='https:\/\/jordipujoljardiner.es\/wp-content\/uploads\/2012\/03\/PICT00441.jpg'><img decoding=\"async\" width=\"300\" height=\"225\" src=\"https:\/\/jordipujoljardiner.es\/wp-content\/uploads\/2012\/03\/PICT00441-300x225.jpg\" class=\"attachment-medium size-medium\" alt=\"\" srcset=\"https:\/\/jordipujoljardiner.es\/wp-content\/uploads\/2012\/03\/PICT00441-300x225.jpg 300w, https:\/\/jordipujoljardiner.es\/wp-content\/uploads\/2012\/03\/PICT00441-1024x768.jpg 1024w\" sizes=\"(max-width: 300px) 100vw, 300px\" \/><\/a>\n\t\t\t<\/dt><\/dl><dl class='gallery-item'>\n\t\t\t<dt class='gallery-icon landscape'>\n\t\t\t\t<a data-rel=\"iLightbox[postimages]\" data-title=\"fons-jordi\" data-caption=\"\" href='https:\/\/jordipujoljardiner.es\/wp-content\/uploads\/2015\/01\/fons-jordi.jpg'><img decoding=\"async\" width=\"300\" height=\"200\" src=\"https:\/\/jordipujoljardiner.es\/wp-content\/uploads\/2015\/01\/fons-jordi-300x200.jpg\" class=\"attachment-medium size-medium\" alt=\"\" srcset=\"https:\/\/jordipujoljardiner.es\/wp-content\/uploads\/2015\/01\/fons-jordi-300x200.jpg 300w, https:\/\/jordipujoljardiner.es\/wp-content\/uploads\/2015\/01\/fons-jordi-1024x684.jpg 1024w\" sizes=\"(max-width: 300px) 100vw, 300px\" \/><\/a>\n\t\t\t<\/dt><\/dl><dl class='gallery-item'>\n\t\t\t<dt class='gallery-icon landscape'>\n\t\t\t\t<a data-rel=\"iLightbox[postimages]\" data-title=\"OLYMPUS DIGITAL CAMERA\" data-caption=\"\" href='https:\/\/jordipujoljardiner.es\/wp-content\/uploads\/2014\/03\/P3070166.jpg'><img decoding=\"async\" width=\"300\" height=\"225\" src=\"https:\/\/jordipujoljardiner.es\/wp-content\/uploads\/2014\/03\/P3070166-300x225.jpg\" class=\"attachment-medium size-medium\" alt=\"\" srcset=\"https:\/\/jordipujoljardiner.es\/wp-content\/uploads\/2014\/03\/P3070166-300x225.jpg 300w, https:\/\/jordipujoljardiner.es\/wp-content\/uploads\/2014\/03\/P3070166.jpg 800w\" sizes=\"(max-width: 300px) 100vw, 300px\" \/><\/a>\n\t\t\t<\/dt><\/dl><br style=\"clear: both\" \/><dl class='gallery-item'>\n\t\t\t<dt class='gallery-icon landscape'>\n\t\t\t\t<a data-rel=\"iLightbox[postimages]\" data-title=\"cesped artificial\" data-caption=\"\" href='https:\/\/jordipujoljardiner.es\/wp-content\/uploads\/2013\/10\/Alella-20130801-00112.jpg'><img decoding=\"async\" width=\"300\" height=\"225\" src=\"https:\/\/jordipujoljardiner.es\/wp-content\/uploads\/2013\/10\/Alella-20130801-00112-300x225.jpg\" class=\"attachment-medium size-medium\" alt=\"\" srcset=\"https:\/\/jordipujoljardiner.es\/wp-content\/uploads\/2013\/10\/Alella-20130801-00112-300x225.jpg 300w, https:\/\/jordipujoljardiner.es\/wp-content\/uploads\/2013\/10\/Alella-20130801-00112.jpg 665w\" sizes=\"(max-width: 300px) 100vw, 300px\" \/><\/a>\n\t\t\t<\/dt><\/dl><dl class='gallery-item'>\n\t\t\t<dt class='gallery-icon portrait'>\n\t\t\t\t<a data-rel=\"iLightbox[postimages]\" data-title=\"Alella-20140226-00202\" data-caption=\"\" href='https:\/\/jordipujoljardiner.es\/wp-content\/uploads\/2014\/03\/Alella-20140226-00202.jpg'><img decoding=\"async\" width=\"225\" height=\"300\" src=\"https:\/\/jordipujoljardiner.es\/wp-content\/uploads\/2014\/03\/Alella-20140226-00202-225x300.jpg\" class=\"attachment-medium size-medium\" alt=\"\" srcset=\"https:\/\/jordipujoljardiner.es\/wp-content\/uploads\/2014\/03\/Alella-20140226-00202-225x300.jpg 225w, https:\/\/jordipujoljardiner.es\/wp-content\/uploads\/2014\/03\/Alella-20140226-00202.jpg 600w\" sizes=\"(max-width: 225px) 100vw, 225px\" \/><\/a>\n\t\t\t<\/dt><\/dl><dl class='gallery-item'>\n\t\t\t<dt class='gallery-icon landscape'>\n\t\t\t\t<a data-rel=\"iLightbox[postimages]\" data-title=\"Tiana-20120316-00164\" data-caption=\"\" href='https:\/\/jordipujoljardiner.es\/wp-content\/uploads\/2014\/03\/Tiana-20120316-00164.jpg'><img decoding=\"async\" width=\"300\" height=\"224\" src=\"https:\/\/jordipujoljardiner.es\/wp-content\/uploads\/2014\/03\/Tiana-20120316-00164-300x224.jpg\" class=\"attachment-medium size-medium\" alt=\"\" srcset=\"https:\/\/jordipujoljardiner.es\/wp-content\/uploads\/2014\/03\/Tiana-20120316-00164-300x224.jpg 300w, https:\/\/jordipujoljardiner.es\/wp-content\/uploads\/2014\/03\/Tiana-20120316-00164.jpg 1024w\" sizes=\"(max-width: 300px) 100vw, 300px\" \/><\/a>\n\t\t\t<\/dt><\/dl><br style=\"clear: both\" \/>\n\t\t<\/div>\n\n<p>&nbsp;<\/p>\n","protected":false},"excerpt":{"rendered":"<p> [&hellip;]<\/p>\n","protected":false},"author":5,"featured_media":0,"parent":0,"menu_order":0,"comment_status":"closed","ping_status":"closed","template":"","meta":{"footnotes":""},"class_list":["post-1524","page","type-page","status-publish","hentry"],"yoast_head":"<!-- This site is optimized with the Yoast SEO plugin v26.7 - https:\/\/yoast.com\/wordpress\/plugins\/seo\/ -->\n<title>Altres treballs - Jordi Pujol Jardiner<\/title>\n<meta name=\"description\" content=\"En aquest espai trobar\u00e0s molts dels altres serveis de jardineria que oferim a Jordi Pujol Jardiner\" \/>\n<meta name=\"robots\" content=\"index, follow, max-snippet:-1, max-image-preview:large, max-video-preview:-1\" \/>\n<link rel=\"canonical\" href=\"https:\/\/jordipujoljardiner.es\/ca\/otros-trabajos\/\" \/>\n<meta property=\"og:locale\" content=\"ca_ES\" \/>\n<meta property=\"og:type\" content=\"article\" \/>\n<meta property=\"og:title\" content=\"Altres treballs - Jordi Pujol Jardiner\" \/>\n<meta property=\"og:description\" content=\"En aquest espai trobar\u00e0s molts dels altres serveis de jardineria que oferim a Jordi Pujol Jardiner\" \/>\n<meta property=\"og:url\" content=\"https:\/\/jordipujoljardiner.es\/ca\/otros-trabajos\/\" \/>\n<meta property=\"og:site_name\" content=\"Jordi Pujol Jardiner\" \/>\n<meta property=\"article:modified_time\" content=\"2024-12-31T08:18:03+00:00\" \/>\n<meta property=\"og:image\" content=\"https:\/\/jordipujoljardiner.es\/wp-content\/uploads\/2013\/05\/Alella-20160223-00493-e1457365977757-225x300.jpg\" \/>\n<meta name=\"twitter:card\" content=\"summary_large_image\" \/>\n<meta name=\"twitter:label1\" content=\"Temps estimat de lectura\" \/>\n\t<meta name=\"twitter:data1\" content=\"3 minuts\" \/>\n<script type=\"application\/ld+json\" class=\"yoast-schema-graph\">{\"@context\":\"https:\/\/schema.org\",\"@graph\":[{\"@type\":\"WebPage\",\"@id\":\"https:\/\/jordipujoljardiner.es\/ca\/otros-trabajos\/\",\"url\":\"https:\/\/jordipujoljardiner.es\/ca\/otros-trabajos\/\",\"name\":\"Altres treballs - Jordi Pujol Jardiner\",\"isPartOf\":{\"@id\":\"https:\/\/jordipujoljardiner.es\/#website\"},\"datePublished\":\"2014-03-16T09:45:11+00:00\",\"dateModified\":\"2024-12-31T08:18:03+00:00\",\"description\":\"En aquest espai trobar\u00e0s molts dels altres serveis de jardineria que oferim a Jordi Pujol Jardiner\",\"breadcrumb\":{\"@id\":\"https:\/\/jordipujoljardiner.es\/ca\/otros-trabajos\/#breadcrumb\"},\"inLanguage\":\"ca\",\"potentialAction\":[{\"@type\":\"ReadAction\",\"target\":[\"https:\/\/jordipujoljardiner.es\/ca\/otros-trabajos\/\"]}]},{\"@type\":\"BreadcrumbList\",\"@id\":\"https:\/\/jordipujoljardiner.es\/ca\/otros-trabajos\/#breadcrumb\",\"itemListElement\":[{\"@type\":\"ListItem\",\"position\":1,\"name\":\"Portada\",\"item\":\"https:\/\/jordipujoljardiner.es\/ca\/\"},{\"@type\":\"ListItem\",\"position\":2,\"name\":\"Altres treballs\"}]},{\"@type\":\"WebSite\",\"@id\":\"https:\/\/jordipujoljardiner.es\/#website\",\"url\":\"https:\/\/jordipujoljardiner.es\/\",\"name\":\"Jordi Pujol Jardiner\",\"description\":\"Jardiners Alella\",\"potentialAction\":[{\"@type\":\"SearchAction\",\"target\":{\"@type\":\"EntryPoint\",\"urlTemplate\":\"https:\/\/jordipujoljardiner.es\/?s={search_term_string}\"},\"query-input\":{\"@type\":\"PropertyValueSpecification\",\"valueRequired\":true,\"valueName\":\"search_term_string\"}}],\"inLanguage\":\"ca\"}]}<\/script>\n<!-- \/ Yoast SEO plugin. -->","yoast_head_json":{"title":"Altres treballs - Jordi Pujol Jardiner","description":"En aquest espai trobar\u00e0s molts dels altres serveis de jardineria que oferim a Jordi Pujol Jardiner","robots":{"index":"index","follow":"follow","max-snippet":"max-snippet:-1","max-image-preview":"max-image-preview:large","max-video-preview":"max-video-preview:-1"},"canonical":"https:\/\/jordipujoljardiner.es\/ca\/otros-trabajos\/","og_locale":"ca_ES","og_type":"article","og_title":"Altres treballs - Jordi Pujol Jardiner","og_description":"En aquest espai trobar\u00e0s molts dels altres serveis de jardineria que oferim a Jordi Pujol Jardiner","og_url":"https:\/\/jordipujoljardiner.es\/ca\/otros-trabajos\/","og_site_name":"Jordi Pujol Jardiner","article_modified_time":"2024-12-31T08:18:03+00:00","og_image":[{"url":"https:\/\/jordipujoljardiner.es\/wp-content\/uploads\/2013\/05\/Alella-20160223-00493-e1457365977757-225x300.jpg","type":"","width":"","height":""}],"twitter_card":"summary_large_image","twitter_misc":{"Temps estimat de lectura":"3 minuts"},"schema":{"@context":"https:\/\/schema.org","@graph":[{"@type":"WebPage","@id":"https:\/\/jordipujoljardiner.es\/ca\/otros-trabajos\/","url":"https:\/\/jordipujoljardiner.es\/ca\/otros-trabajos\/","name":"Altres treballs - Jordi Pujol Jardiner","isPartOf":{"@id":"https:\/\/jordipujoljardiner.es\/#website"},"datePublished":"2014-03-16T09:45:11+00:00","dateModified":"2024-12-31T08:18:03+00:00","description":"En aquest espai trobar\u00e0s molts dels altres serveis de jardineria que oferim a Jordi Pujol Jardiner","breadcrumb":{"@id":"https:\/\/jordipujoljardiner.es\/ca\/otros-trabajos\/#breadcrumb"},"inLanguage":"ca","potentialAction":[{"@type":"ReadAction","target":["https:\/\/jordipujoljardiner.es\/ca\/otros-trabajos\/"]}]},{"@type":"BreadcrumbList","@id":"https:\/\/jordipujoljardiner.es\/ca\/otros-trabajos\/#breadcrumb","itemListElement":[{"@type":"ListItem","position":1,"name":"Portada","item":"https:\/\/jordipujoljardiner.es\/ca\/"},{"@type":"ListItem","position":2,"name":"Altres treballs"}]},{"@type":"WebSite","@id":"https:\/\/jordipujoljardiner.es\/#website","url":"https:\/\/jordipujoljardiner.es\/","name":"Jordi Pujol Jardiner","description":"Jardiners Alella","potentialAction":[{"@type":"SearchAction","target":{"@type":"EntryPoint","urlTemplate":"https:\/\/jordipujoljardiner.es\/?s={search_term_string}"},"query-input":{"@type":"PropertyValueSpecification","valueRequired":true,"valueName":"search_term_string"}}],"inLanguage":"ca"}]}},"_links":{"self":[{"href":"https:\/\/jordipujoljardiner.es\/ca\/wp-json\/wp\/v2\/pages\/1524","targetHints":{"allow":["GET"]}}],"collection":[{"href":"https:\/\/jordipujoljardiner.es\/ca\/wp-json\/wp\/v2\/pages"}],"about":[{"href":"https:\/\/jordipujoljardiner.es\/ca\/wp-json\/wp\/v2\/types\/page"}],"author":[{"embeddable":true,"href":"https:\/\/jordipujoljardiner.es\/ca\/wp-json\/wp\/v2\/users\/5"}],"replies":[{"embeddable":true,"href":"https:\/\/jordipujoljardiner.es\/ca\/wp-json\/wp\/v2\/comments?post=1524"}],"version-history":[{"count":6,"href":"https:\/\/jordipujoljardiner.es\/ca\/wp-json\/wp\/v2\/pages\/1524\/revisions"}],"predecessor-version":[{"id":2813,"href":"https:\/\/jordipujoljardiner.es\/ca\/wp-json\/wp\/v2\/pages\/1524\/revisions\/2813"}],"wp:attachment":[{"href":"https:\/\/jordipujoljardiner.es\/ca\/wp-json\/wp\/v2\/media?parent=1524"}],"curies":[{"name":"wp","href":"https:\/\/api.w.org\/{rel}","templated":true}]}}