{"id":1495,"date":"2012-03-12T19:52:29","date_gmt":"2012-03-12T19:52:29","guid":{"rendered":"http:\/\/jordipujoljardiner.es\/ca\/pergolas-y-pavimentos-de-madera\/"},"modified":"2017-02-07T17:31:23","modified_gmt":"2017-02-07T17:31:23","slug":"pergolas-y-pavimentos-de-madera","status":"publish","type":"page","link":"https:\/\/jordipujoljardiner.es\/ca\/pergolas-y-pavimentos-de-madera\/","title":{"rendered":"P\u00e8rgoles i gelosies"},"content":{"rendered":"\n\t\t<style type=\"text\/css\">\n\t\t\t#gallery-1 {\n\t\t\t\tmargin: auto;\n\t\t\t}\n\t\t\t#gallery-1 .gallery-item {\n\t\t\t\tfloat: left;\n\t\t\t\tmargin-top: 10px;\n\t\t\t\ttext-align: center;\n\t\t\t\twidth: 33%;\n\t\t\t}\n\t\t\t#gallery-1 img {\n\t\t\t\tborder: 2px solid #cfcfcf;\n\t\t\t}\n\t\t\t#gallery-1 .gallery-caption {\n\t\t\t\tmargin-left: 0;\n\t\t\t}\n\t\t\t\/* see gallery_shortcode() in wp-includes\/media.php *\/\n\t\t<\/style>\n\t\t<div id='gallery-1' class='gallery galleryid-1495 gallery-columns-3 gallery-size-large'><dl class='gallery-item'>\n\t\t\t<dt class='gallery-icon landscape'>\n\t\t\t\t<a data-rel=\"iLightbox[postimages]\" data-title=\"pergola\" data-caption=\"\" href='https:\/\/jordipujoljardiner.es\/wp-content\/uploads\/2016\/04\/IMG-20140718-00011.jpg'><img decoding=\"async\" width=\"1024\" height=\"768\" src=\"https:\/\/jordipujoljardiner.es\/wp-content\/uploads\/2016\/04\/IMG-20140718-00011-1024x768.jpg\" class=\"attachment-large size-large\" alt=\"\" srcset=\"https:\/\/jordipujoljardiner.es\/wp-content\/uploads\/2016\/04\/IMG-20140718-00011-300x225.jpg 300w, https:\/\/jordipujoljardiner.es\/wp-content\/uploads\/2016\/04\/IMG-20140718-00011-1024x768.jpg 1024w\" sizes=\"(max-width: 1024px) 100vw, 1024px\" \/><\/a>\n\t\t\t<\/dt><\/dl><dl class='gallery-item'>\n\t\t\t<dt class='gallery-icon landscape'>\n\t\t\t\t<a data-rel=\"iLightbox[postimages]\" data-title=\"Tei\u00e0-20140527-00253\" data-caption=\"\" href='https:\/\/jordipujoljardiner.es\/wp-content\/uploads\/2012\/03\/Tei\u00e0-20140527-00253.jpg'><img decoding=\"async\" width=\"1024\" height=\"768\" src=\"https:\/\/jordipujoljardiner.es\/wp-content\/uploads\/2012\/03\/Tei\u00e0-20140527-00253-1024x768.jpg\" class=\"attachment-large size-large\" alt=\"\" srcset=\"https:\/\/jordipujoljardiner.es\/wp-content\/uploads\/2012\/03\/Tei\u00e0-20140527-00253-300x225.jpg 300w, https:\/\/jordipujoljardiner.es\/wp-content\/uploads\/2012\/03\/Tei\u00e0-20140527-00253-1024x768.jpg 1024w\" sizes=\"(max-width: 1024px) 100vw, 1024px\" \/><\/a>\n\t\t\t<\/dt><\/dl><dl class='gallery-item'>\n\t\t\t<dt class='gallery-icon landscape'>\n\t\t\t\t<a data-rel=\"iLightbox[postimages]\" data-title=\"Alella-20140226-00205\" data-caption=\"\" href='https:\/\/jordipujoljardiner.es\/wp-content\/uploads\/2012\/03\/Alella-20140226-00205.jpg'><img decoding=\"async\" width=\"1024\" height=\"768\" src=\"https:\/\/jordipujoljardiner.es\/wp-content\/uploads\/2012\/03\/Alella-20140226-00205-1024x768.jpg\" class=\"attachment-large size-large\" alt=\"\" srcset=\"https:\/\/jordipujoljardiner.es\/wp-content\/uploads\/2012\/03\/Alella-20140226-00205-300x225.jpg 300w, https:\/\/jordipujoljardiner.es\/wp-content\/uploads\/2012\/03\/Alella-20140226-00205-1024x768.jpg 1024w\" sizes=\"(max-width: 1024px) 100vw, 1024px\" \/><\/a>\n\t\t\t<\/dt><\/dl><br style=\"clear: both\" \/><dl class='gallery-item'>\n\t\t\t<dt class='gallery-icon landscape'>\n\t\t\t\t<a data-rel=\"iLightbox[postimages]\" data-title=\"celosia\" data-caption=\"\" href='https:\/\/jordipujoljardiner.es\/wp-content\/uploads\/2016\/04\/Alella-20130727-00094-e1461862656221.jpg'><img decoding=\"async\" width=\"1024\" height=\"768\" src=\"https:\/\/jordipujoljardiner.es\/wp-content\/uploads\/2016\/04\/Alella-20130727-00094-1024x768.jpg\" class=\"attachment-large size-large\" alt=\"\" srcset=\"https:\/\/jordipujoljardiner.es\/wp-content\/uploads\/2016\/04\/Alella-20130727-00094-300x225.jpg 300w, https:\/\/jordipujoljardiner.es\/wp-content\/uploads\/2016\/04\/Alella-20130727-00094-e1461862656221.jpg 400w, https:\/\/jordipujoljardiner.es\/wp-content\/uploads\/2016\/04\/Alella-20130727-00094-1024x768.jpg 1024w\" sizes=\"(max-width: 1024px) 100vw, 1024px\" \/><\/a>\n\t\t\t<\/dt><\/dl><dl class='gallery-item'>\n\t\t\t<dt class='gallery-icon landscape'>\n\t\t\t\t<a data-rel=\"iLightbox[postimages]\" data-title=\"Premi\u00e0 de Mar-20120312-00160\" data-caption=\"\" href='https:\/\/jordipujoljardiner.es\/wp-content\/uploads\/2012\/03\/Premi\u00e0-de-Mar-20120312-00160.jpg'><img decoding=\"async\" width=\"1024\" height=\"768\" src=\"https:\/\/jordipujoljardiner.es\/wp-content\/uploads\/2012\/03\/Premi\u00e0-de-Mar-20120312-00160-1024x768.jpg\" class=\"attachment-large size-large\" alt=\"\" srcset=\"https:\/\/jordipujoljardiner.es\/wp-content\/uploads\/2012\/03\/Premi\u00e0-de-Mar-20120312-00160-300x225.jpg 300w, https:\/\/jordipujoljardiner.es\/wp-content\/uploads\/2012\/03\/Premi\u00e0-de-Mar-20120312-00160-1024x768.jpg 1024w\" sizes=\"(max-width: 1024px) 100vw, 1024px\" \/><\/a>\n\t\t\t<\/dt><\/dl><dl class='gallery-item'>\n\t\t\t<dt class='gallery-icon landscape'>\n\t\t\t\t<a data-rel=\"iLightbox[postimages]\" data-title=\"Premi\u00e0 de Dalt-20160229-00514\" data-caption=\"\" href='https:\/\/jordipujoljardiner.es\/wp-content\/uploads\/2016\/04\/Premi\u00e0-de-Dalt-20160229-00514.jpg'><img decoding=\"async\" width=\"1024\" height=\"768\" src=\"https:\/\/jordipujoljardiner.es\/wp-content\/uploads\/2016\/04\/Premi\u00e0-de-Dalt-20160229-00514-1024x768.jpg\" class=\"attachment-large size-large\" alt=\"\" srcset=\"https:\/\/jordipujoljardiner.es\/wp-content\/uploads\/2016\/04\/Premi\u00e0-de-Dalt-20160229-00514-300x225.jpg 300w, https:\/\/jordipujoljardiner.es\/wp-content\/uploads\/2016\/04\/Premi\u00e0-de-Dalt-20160229-00514-1024x768.jpg 1024w\" sizes=\"(max-width: 1024px) 100vw, 1024px\" \/><\/a>\n\t\t\t<\/dt><\/dl><br style=\"clear: both\" \/><dl class='gallery-item'>\n\t\t\t<dt class='gallery-icon landscape'>\n\t\t\t\t<a data-rel=\"iLightbox[postimages]\" data-title=\"PICT0042\" data-caption=\"\" href='https:\/\/jordipujoljardiner.es\/wp-content\/uploads\/2012\/03\/PICT0042.jpg'><img decoding=\"async\" width=\"1024\" height=\"768\" src=\"https:\/\/jordipujoljardiner.es\/wp-content\/uploads\/2012\/03\/PICT0042-1024x768.jpg\" class=\"attachment-large size-large\" alt=\"Decoraci\u00f3 Jard\u00ed\" srcset=\"https:\/\/jordipujoljardiner.es\/wp-content\/uploads\/2012\/03\/PICT0042-300x225.jpg 300w, https:\/\/jordipujoljardiner.es\/wp-content\/uploads\/2012\/03\/PICT0042-1024x768.jpg 1024w\" sizes=\"(max-width: 1024px) 100vw, 1024px\" \/><\/a>\n\t\t\t<\/dt><\/dl><dl class='gallery-item'>\n\t\t\t<dt class='gallery-icon landscape'>\n\t\t\t\t<a data-rel=\"iLightbox[postimages]\" data-title=\"Premi\u00e0 de Dalt-20160125-00469\" data-caption=\"\" href='https:\/\/jordipujoljardiner.es\/wp-content\/uploads\/2012\/03\/Premi\u00e0-de-Dalt-20160125-00469.jpg'><img decoding=\"async\" width=\"1024\" height=\"768\" src=\"https:\/\/jordipujoljardiner.es\/wp-content\/uploads\/2012\/03\/Premi\u00e0-de-Dalt-20160125-00469-1024x768.jpg\" class=\"attachment-large size-large\" alt=\"\" srcset=\"https:\/\/jordipujoljardiner.es\/wp-content\/uploads\/2012\/03\/Premi\u00e0-de-Dalt-20160125-00469-300x225.jpg 300w, https:\/\/jordipujoljardiner.es\/wp-content\/uploads\/2012\/03\/Premi\u00e0-de-Dalt-20160125-00469-1024x768.jpg 1024w\" sizes=\"(max-width: 1024px) 100vw, 1024px\" \/><\/a>\n\t\t\t<\/dt><\/dl><dl class='gallery-item'>\n\t\t\t<dt class='gallery-icon landscape'>\n\t\t\t\t<a data-rel=\"iLightbox[postimages]\" data-title=\"Alella-20130727-00092\" data-caption=\"\" href='https:\/\/jordipujoljardiner.es\/wp-content\/uploads\/2012\/03\/Alella-20130727-000921.jpg'><img decoding=\"async\" width=\"1024\" height=\"768\" src=\"https:\/\/jordipujoljardiner.es\/wp-content\/uploads\/2012\/03\/Alella-20130727-000921-1024x768.jpg\" class=\"attachment-large size-large\" alt=\"\" srcset=\"https:\/\/jordipujoljardiner.es\/wp-content\/uploads\/2012\/03\/Alella-20130727-000921-300x225.jpg 300w, https:\/\/jordipujoljardiner.es\/wp-content\/uploads\/2012\/03\/Alella-20130727-000921-1024x768.jpg 1024w\" sizes=\"(max-width: 1024px) 100vw, 1024px\" \/><\/a>\n\t\t\t<\/dt><\/dl><br style=\"clear: both\" \/><dl class='gallery-item'>\n\t\t\t<dt class='gallery-icon landscape'>\n\t\t\t\t<a data-rel=\"iLightbox[postimages]\" data-title=\"pergola con fondo en madera\" data-caption=\"\" href='https:\/\/jordipujoljardiner.es\/wp-content\/uploads\/2012\/03\/Sant-Celoni-20120306-00155.jpg'><img decoding=\"async\" width=\"1024\" height=\"768\" src=\"https:\/\/jordipujoljardiner.es\/wp-content\/uploads\/2012\/03\/Sant-Celoni-20120306-00155-1024x768.jpg\" class=\"attachment-large size-large\" alt=\"\" srcset=\"https:\/\/jordipujoljardiner.es\/wp-content\/uploads\/2012\/03\/Sant-Celoni-20120306-00155-300x225.jpg 300w, https:\/\/jordipujoljardiner.es\/wp-content\/uploads\/2012\/03\/Sant-Celoni-20120306-00155-1024x768.jpg 1024w\" sizes=\"(max-width: 1024px) 100vw, 1024px\" \/><\/a>\n\t\t\t<\/dt><\/dl><dl class='gallery-item'>\n\t\t\t<dt class='gallery-icon landscape'>\n\t\t\t\t<a data-rel=\"iLightbox[postimages]\" data-title=\"Tei\u00e0-20140527-00256\" data-caption=\"\" href='https:\/\/jordipujoljardiner.es\/wp-content\/uploads\/2012\/03\/Tei\u00e0-20140527-00256.jpg'><img decoding=\"async\" width=\"1024\" height=\"768\" src=\"https:\/\/jordipujoljardiner.es\/wp-content\/uploads\/2012\/03\/Tei\u00e0-20140527-00256-1024x768.jpg\" class=\"attachment-large size-large\" alt=\"\" srcset=\"https:\/\/jordipujoljardiner.es\/wp-content\/uploads\/2012\/03\/Tei\u00e0-20140527-00256-300x225.jpg 300w, https:\/\/jordipujoljardiner.es\/wp-content\/uploads\/2012\/03\/Tei\u00e0-20140527-00256-1024x768.jpg 1024w\" sizes=\"(max-width: 1024px) 100vw, 1024px\" \/><\/a>\n\t\t\t<\/dt><\/dl><dl class='gallery-item'>\n\t\t\t<dt class='gallery-icon landscape'>\n\t\t\t\t<a data-rel=\"iLightbox[postimages]\" data-title=\"Premi\u00e0 de Dalt-20160229-00512\" data-caption=\"\" href='https:\/\/jordipujoljardiner.es\/wp-content\/uploads\/2016\/04\/Premi\u00e0-de-Dalt-20160229-00512.jpg'><img decoding=\"async\" width=\"1024\" height=\"768\" src=\"https:\/\/jordipujoljardiner.es\/wp-content\/uploads\/2016\/04\/Premi\u00e0-de-Dalt-20160229-00512-1024x768.jpg\" class=\"attachment-large size-large\" alt=\"\" srcset=\"https:\/\/jordipujoljardiner.es\/wp-content\/uploads\/2016\/04\/Premi\u00e0-de-Dalt-20160229-00512-300x225.jpg 300w, https:\/\/jordipujoljardiner.es\/wp-content\/uploads\/2016\/04\/Premi\u00e0-de-Dalt-20160229-00512-1024x768.jpg 1024w\" sizes=\"(max-width: 1024px) 100vw, 1024px\" \/><\/a>\n\t\t\t<\/dt><\/dl><br style=\"clear: both\" \/><dl class='gallery-item'>\n\t\t\t<dt class='gallery-icon landscape'>\n\t\t\t\t<a data-rel=\"iLightbox[postimages]\" data-title=\"pergola\" data-caption=\"\" href='https:\/\/jordipujoljardiner.es\/wp-content\/uploads\/2016\/04\/IMG-20140718-00009.jpg'><img decoding=\"async\" width=\"1024\" height=\"768\" src=\"https:\/\/jordipujoljardiner.es\/wp-content\/uploads\/2016\/04\/IMG-20140718-00009-1024x768.jpg\" class=\"attachment-large size-large\" alt=\"\" srcset=\"https:\/\/jordipujoljardiner.es\/wp-content\/uploads\/2016\/04\/IMG-20140718-00009-300x225.jpg 300w, https:\/\/jordipujoljardiner.es\/wp-content\/uploads\/2016\/04\/IMG-20140718-00009-1024x768.jpg 1024w\" sizes=\"(max-width: 1024px) 100vw, 1024px\" \/><\/a>\n\t\t\t<\/dt><\/dl>\n\t\t\t<br style='clear: both' \/>\n\t\t<\/div>\n\n","protected":false},"excerpt":{"rendered":"","protected":false},"author":5,"featured_media":0,"parent":0,"menu_order":0,"comment_status":"closed","ping_status":"closed","template":"","meta":{"footnotes":""},"class_list":["post-1495","page","type-page","status-publish","hentry"],"yoast_head":"<!-- This site is optimized with the Yoast SEO plugin v26.7 - https:\/\/yoast.com\/wordpress\/plugins\/seo\/ -->\n<title>P\u00e8rgoles i gelosies - Jordi Pujol Jardiner<\/title>\n<meta name=\"description\" content=\"En aquest espai trobar\u00e0s tots els projectes de p\u00e8rgoles i gelosies en jardineria, dissenyats i realitzats per Jordi Pujol Jardiner\" \/>\n<meta name=\"robots\" content=\"index, follow, max-snippet:-1, max-image-preview:large, max-video-preview:-1\" \/>\n<link rel=\"canonical\" href=\"https:\/\/jordipujoljardiner.es\/ca\/pergolas-y-pavimentos-de-madera\/\" \/>\n<meta property=\"og:locale\" content=\"ca_ES\" \/>\n<meta property=\"og:type\" content=\"article\" \/>\n<meta property=\"og:title\" content=\"P\u00e8rgoles i gelosies - Jordi Pujol Jardiner\" \/>\n<meta property=\"og:description\" content=\"En aquest espai trobar\u00e0s tots els projectes de p\u00e8rgoles i gelosies en jardineria, dissenyats i realitzats per Jordi Pujol Jardiner\" \/>\n<meta property=\"og:url\" content=\"https:\/\/jordipujoljardiner.es\/ca\/pergolas-y-pavimentos-de-madera\/\" \/>\n<meta property=\"og:site_name\" content=\"Jordi Pujol Jardiner\" \/>\n<meta property=\"article:modified_time\" content=\"2017-02-07T17:31:23+00:00\" \/>\n<meta property=\"og:image\" content=\"https:\/\/jordipujoljardiner.es\/wp-content\/uploads\/2016\/04\/IMG-20140718-00011-1024x768.jpg\" \/>\n<meta name=\"twitter:card\" content=\"summary_large_image\" \/>\n<script type=\"application\/ld+json\" class=\"yoast-schema-graph\">{\"@context\":\"https:\/\/schema.org\",\"@graph\":[{\"@type\":\"WebPage\",\"@id\":\"https:\/\/jordipujoljardiner.es\/ca\/pergolas-y-pavimentos-de-madera\/\",\"url\":\"https:\/\/jordipujoljardiner.es\/ca\/pergolas-y-pavimentos-de-madera\/\",\"name\":\"P\u00e8rgoles i gelosies - Jordi Pujol Jardiner\",\"isPartOf\":{\"@id\":\"https:\/\/jordipujoljardiner.es\/#website\"},\"datePublished\":\"2012-03-12T19:52:29+00:00\",\"dateModified\":\"2017-02-07T17:31:23+00:00\",\"description\":\"En aquest espai trobar\u00e0s tots els projectes de p\u00e8rgoles i gelosies en jardineria, dissenyats i realitzats per Jordi Pujol Jardiner\",\"breadcrumb\":{\"@id\":\"https:\/\/jordipujoljardiner.es\/ca\/pergolas-y-pavimentos-de-madera\/#breadcrumb\"},\"inLanguage\":\"ca\",\"potentialAction\":[{\"@type\":\"ReadAction\",\"target\":[\"https:\/\/jordipujoljardiner.es\/ca\/pergolas-y-pavimentos-de-madera\/\"]}]},{\"@type\":\"BreadcrumbList\",\"@id\":\"https:\/\/jordipujoljardiner.es\/ca\/pergolas-y-pavimentos-de-madera\/#breadcrumb\",\"itemListElement\":[{\"@type\":\"ListItem\",\"position\":1,\"name\":\"Portada\",\"item\":\"https:\/\/jordipujoljardiner.es\/ca\/\"},{\"@type\":\"ListItem\",\"position\":2,\"name\":\"P\u00e8rgoles i gelosies\"}]},{\"@type\":\"WebSite\",\"@id\":\"https:\/\/jordipujoljardiner.es\/#website\",\"url\":\"https:\/\/jordipujoljardiner.es\/\",\"name\":\"Jordi Pujol Jardiner\",\"description\":\"Jardiners Alella\",\"potentialAction\":[{\"@type\":\"SearchAction\",\"target\":{\"@type\":\"EntryPoint\",\"urlTemplate\":\"https:\/\/jordipujoljardiner.es\/?s={search_term_string}\"},\"query-input\":{\"@type\":\"PropertyValueSpecification\",\"valueRequired\":true,\"valueName\":\"search_term_string\"}}],\"inLanguage\":\"ca\"}]}<\/script>\n<!-- \/ Yoast SEO plugin. -->","yoast_head_json":{"title":"P\u00e8rgoles i gelosies - Jordi Pujol Jardiner","description":"En aquest espai trobar\u00e0s tots els projectes de p\u00e8rgoles i gelosies en jardineria, dissenyats i realitzats per Jordi Pujol Jardiner","robots":{"index":"index","follow":"follow","max-snippet":"max-snippet:-1","max-image-preview":"max-image-preview:large","max-video-preview":"max-video-preview:-1"},"canonical":"https:\/\/jordipujoljardiner.es\/ca\/pergolas-y-pavimentos-de-madera\/","og_locale":"ca_ES","og_type":"article","og_title":"P\u00e8rgoles i gelosies - Jordi Pujol Jardiner","og_description":"En aquest espai trobar\u00e0s tots els projectes de p\u00e8rgoles i gelosies en jardineria, dissenyats i realitzats per Jordi Pujol Jardiner","og_url":"https:\/\/jordipujoljardiner.es\/ca\/pergolas-y-pavimentos-de-madera\/","og_site_name":"Jordi Pujol Jardiner","article_modified_time":"2017-02-07T17:31:23+00:00","og_image":[{"url":"https:\/\/jordipujoljardiner.es\/wp-content\/uploads\/2016\/04\/IMG-20140718-00011-1024x768.jpg","type":"","width":"","height":""}],"twitter_card":"summary_large_image","schema":{"@context":"https:\/\/schema.org","@graph":[{"@type":"WebPage","@id":"https:\/\/jordipujoljardiner.es\/ca\/pergolas-y-pavimentos-de-madera\/","url":"https:\/\/jordipujoljardiner.es\/ca\/pergolas-y-pavimentos-de-madera\/","name":"P\u00e8rgoles i gelosies - Jordi Pujol Jardiner","isPartOf":{"@id":"https:\/\/jordipujoljardiner.es\/#website"},"datePublished":"2012-03-12T19:52:29+00:00","dateModified":"2017-02-07T17:31:23+00:00","description":"En aquest espai trobar\u00e0s tots els projectes de p\u00e8rgoles i gelosies en jardineria, dissenyats i realitzats per Jordi Pujol Jardiner","breadcrumb":{"@id":"https:\/\/jordipujoljardiner.es\/ca\/pergolas-y-pavimentos-de-madera\/#breadcrumb"},"inLanguage":"ca","potentialAction":[{"@type":"ReadAction","target":["https:\/\/jordipujoljardiner.es\/ca\/pergolas-y-pavimentos-de-madera\/"]}]},{"@type":"BreadcrumbList","@id":"https:\/\/jordipujoljardiner.es\/ca\/pergolas-y-pavimentos-de-madera\/#breadcrumb","itemListElement":[{"@type":"ListItem","position":1,"name":"Portada","item":"https:\/\/jordipujoljardiner.es\/ca\/"},{"@type":"ListItem","position":2,"name":"P\u00e8rgoles i gelosies"}]},{"@type":"WebSite","@id":"https:\/\/jordipujoljardiner.es\/#website","url":"https:\/\/jordipujoljardiner.es\/","name":"Jordi Pujol Jardiner","description":"Jardiners Alella","potentialAction":[{"@type":"SearchAction","target":{"@type":"EntryPoint","urlTemplate":"https:\/\/jordipujoljardiner.es\/?s={search_term_string}"},"query-input":{"@type":"PropertyValueSpecification","valueRequired":true,"valueName":"search_term_string"}}],"inLanguage":"ca"}]}},"_links":{"self":[{"href":"https:\/\/jordipujoljardiner.es\/ca\/wp-json\/wp\/v2\/pages\/1495","targetHints":{"allow":["GET"]}}],"collection":[{"href":"https:\/\/jordipujoljardiner.es\/ca\/wp-json\/wp\/v2\/pages"}],"about":[{"href":"https:\/\/jordipujoljardiner.es\/ca\/wp-json\/wp\/v2\/types\/page"}],"author":[{"embeddable":true,"href":"https:\/\/jordipujoljardiner.es\/ca\/wp-json\/wp\/v2\/users\/5"}],"replies":[{"embeddable":true,"href":"https:\/\/jordipujoljardiner.es\/ca\/wp-json\/wp\/v2\/comments?post=1495"}],"version-history":[{"count":2,"href":"https:\/\/jordipujoljardiner.es\/ca\/wp-json\/wp\/v2\/pages\/1495\/revisions"}],"predecessor-version":[{"id":1502,"href":"https:\/\/jordipujoljardiner.es\/ca\/wp-json\/wp\/v2\/pages\/1495\/revisions\/1502"}],"wp:attachment":[{"href":"https:\/\/jordipujoljardiner.es\/ca\/wp-json\/wp\/v2\/media?parent=1495"}],"curies":[{"name":"wp","href":"https:\/\/api.w.org\/{rel}","templated":true}]}}