{"id":1447,"date":"2012-03-13T12:14:33","date_gmt":"2012-03-13T12:14:33","guid":{"rendered":"http:\/\/jordipujoljardiner.es\/ca\/ideas\/"},"modified":"2025-01-10T08:33:58","modified_gmt":"2025-01-10T08:33:58","slug":"ideas","status":"publish","type":"page","link":"https:\/\/jordipujoljardiner.es\/ca\/ideas\/","title":{"rendered":"Idees per al jard\u00ed"},"content":{"rendered":"<p><div class=\"fusion-fullwidth fullwidth-box fusion-builder-row-1 fusion-flex-container has-pattern-background has-mask-background nonhundred-percent-fullwidth non-hundred-percent-height-scrolling\" style=\"--awb-border-radius-top-left:0px;--awb-border-radius-top-right:0px;--awb-border-radius-bottom-right:0px;--awb-border-radius-bottom-left:0px;--awb-flex-wrap:wrap;\" ><div class=\"fusion-builder-row fusion-row fusion-flex-align-items-flex-start fusion-flex-content-wrap\" style=\"max-width:93.6%;margin-left: calc(-4% \/ 2 );margin-right: calc(-4% \/ 2 );\"><div class=\"fusion-layout-column fusion_builder_column fusion-builder-column-0 fusion_builder_column_3_5 3_5 fusion-flex-column\" style=\"--awb-bg-size:cover;--awb-width-large:60%;--awb-margin-top-large:0px;--awb-spacing-right-large:3.2%;--awb-margin-bottom-large:20px;--awb-spacing-left-large:3.2%;--awb-width-medium:100%;--awb-order-medium:0;--awb-spacing-right-medium:1.92%;--awb-spacing-left-medium:1.92%;--awb-width-small:100%;--awb-order-small:0;--awb-spacing-right-small:1.92%;--awb-spacing-left-small:1.92%;\"><div class=\"fusion-column-wrapper fusion-column-has-shadow fusion-flex-justify-content-flex-start fusion-content-layout-column\"><div class=\"fusion-text fusion-text-1\"><p>Si tenen <strong> idees per al seu jard\u00ed<\/strong>, expliqui&#8217;ns, i els ajudarem a fer-les realitat.<\/p>\n<p>Fonts, llacs, racons amb flors, una soca vella ben decorada, alguna pedra exemplar en un rac\u00f3 donant eleg\u00e0ncia al jard\u00ed, arbres majestuosos, &#8230; absolutament tot \u00e9s pot fer possible al seu jard\u00ed.<\/p>\n<p>Entre les seves idees i la nostra experi\u00e8ncia podrem trobar una composici\u00f3 adequada per al seu jard\u00ed.<\/p>\n<p>Podeu veure i agafar noves idees de la nostra <strong> <a href=\"https:\/\/jordipujoljardiner.es\/galeria-de-fotos\/\"> galeria fotogr\u00e0fica<\/a><\/strong> on trobareu projectes en altres jardins.<\/p>\n<p>Truqui&#8217;ns o envi\u00ef&#8217;ns un correu electr\u00f2nic i ens posarem en contacte per parlar el nou projecte.<\/p>\n<\/div><div class=\"fusion-text fusion-text-2\">\n\t\t<style type=\"text\/css\">\n\t\t\t#gallery-1 {\n\t\t\t\tmargin: auto;\n\t\t\t}\n\t\t\t#gallery-1 .gallery-item {\n\t\t\t\tfloat: left;\n\t\t\t\tmargin-top: 10px;\n\t\t\t\ttext-align: center;\n\t\t\t\twidth: 33%;\n\t\t\t}\n\t\t\t#gallery-1 img {\n\t\t\t\tborder: 2px solid #cfcfcf;\n\t\t\t}\n\t\t\t#gallery-1 .gallery-caption {\n\t\t\t\tmargin-left: 0;\n\t\t\t}\n\t\t\t\/* see gallery_shortcode() in wp-includes\/media.php *\/\n\t\t<\/style>\n\t\t<div id='gallery-1' class='gallery galleryid-1447 gallery-columns-3 gallery-size-large'><dl class='gallery-item'>\n\t\t\t<dt class='gallery-icon landscape'>\n\t\t\t\t<a data-rel=\"iLightbox[postimages]\" data-title=\"fuente piedra gris\" data-caption=\"\" href='https:\/\/jordipujoljardiner.es\/wp-content\/uploads\/2012\/03\/PICT00161.jpg'><img decoding=\"async\" width=\"1024\" height=\"768\" src=\"https:\/\/jordipujoljardiner.es\/wp-content\/uploads\/2012\/03\/PICT00161-1024x768.jpg\" class=\"attachment-large size-large\" alt=\"\" srcset=\"https:\/\/jordipujoljardiner.es\/wp-content\/uploads\/2012\/03\/PICT00161-300x225.jpg 300w, https:\/\/jordipujoljardiner.es\/wp-content\/uploads\/2012\/03\/PICT00161-1024x768.jpg 1024w\" sizes=\"(max-width: 1024px) 100vw, 1024px\" \/><\/a>\n\t\t\t<\/dt><\/dl><dl class='gallery-item'>\n\t\t\t<dt class='gallery-icon landscape'>\n\t\t\t\t<a data-rel=\"iLightbox[postimages]\" data-title=\"Verde y rojo\" data-caption=\"\" href='https:\/\/jordipujoljardiner.es\/wp-content\/uploads\/2012\/03\/PICT0022.jpg'><img decoding=\"async\" width=\"1024\" height=\"768\" src=\"https:\/\/jordipujoljardiner.es\/wp-content\/uploads\/2012\/03\/PICT0022-1024x768.jpg\" class=\"attachment-large size-large\" alt=\"\" srcset=\"https:\/\/jordipujoljardiner.es\/wp-content\/uploads\/2012\/03\/PICT0022-300x225.jpg 300w, https:\/\/jordipujoljardiner.es\/wp-content\/uploads\/2012\/03\/PICT0022-1024x768.jpg 1024w\" sizes=\"(max-width: 1024px) 100vw, 1024px\" \/><\/a>\n\t\t\t<\/dt><\/dl><dl class='gallery-item'>\n\t\t\t<dt class='gallery-icon landscape'>\n\t\t\t\t<a data-rel=\"iLightbox[postimages]\" data-title=\"olivo\" data-caption=\"\" href='https:\/\/jordipujoljardiner.es\/wp-content\/uploads\/2012\/03\/P3070157.jpg'><img decoding=\"async\" width=\"1024\" height=\"768\" src=\"https:\/\/jordipujoljardiner.es\/wp-content\/uploads\/2012\/03\/P3070157-1024x768.jpg\" class=\"attachment-large size-large\" alt=\"\" srcset=\"https:\/\/jordipujoljardiner.es\/wp-content\/uploads\/2012\/03\/P3070157-300x225.jpg 300w, https:\/\/jordipujoljardiner.es\/wp-content\/uploads\/2012\/03\/P3070157-1024x768.jpg 1024w\" sizes=\"(max-width: 1024px) 100vw, 1024px\" \/><\/a>\n\t\t\t<\/dt><\/dl><br style=\"clear: both\" \/>\n\t\t<\/div>\n\n<\/div><div class=\"fusion-text fusion-text-3\"><p>T\u00e9 alguna idea per al seu jard\u00ed? \u00a0\u00a0Expliqui&#8217;ns-la, i els farem realitat.<\/p>\n<p>Fonts, llacs, racons amb flors, un cep vell decorant, alguna pedra exemplar en un rac\u00f3 \u00a0donant eleg\u00e0ncia al jard\u00ed.<\/p>\n<p>Entre les seves idees i la nostra experi\u00e8ncia podem trobar una composici\u00f3 adequada al seu gust.<\/p>\n<\/div><div class=\"fusion-image-carousel fusion-image-carousel-auto fusion-image-carousel-1 fusion-carousel-border\"><div class=\"awb-carousel awb-swiper awb-swiper-carousel\" data-autoplay=\"yes\" data-columns=\"2\" data-itemmargin=\"13\" data-itemwidth=\"180\" data-touchscroll=\"no\" data-imagesize=\"auto\" style=\"--awb-columns:2;\"><div class=\"swiper-wrapper awb-image-carousel-wrapper fusion-flex-align-items-center\"><div class=\"swiper-slide\"><div class=\"fusion-carousel-item-wrapper\"><div class=\"fusion-image-wrapper hover-type-none\"><img decoding=\"async\" width=\"2272\" height=\"1704\" src=\"https:\/\/jordipujoljardiner.es\/wp-content\/uploads\/2012\/03\/PICT0016.jpg\" class=\"attachment-full size-full\" alt=\"\" \/><\/div><\/div><\/div><div class=\"swiper-slide\"><div class=\"fusion-carousel-item-wrapper\"><div class=\"fusion-image-wrapper hover-type-none\"><img decoding=\"async\" width=\"2272\" height=\"1704\" src=\"https:\/\/jordipujoljardiner.es\/wp-content\/uploads\/2012\/03\/PICT00431.jpg\" class=\"attachment-full size-full\" alt=\"\" \/><\/div><\/div><\/div><div class=\"swiper-slide\"><div class=\"fusion-carousel-item-wrapper\"><div class=\"fusion-image-wrapper hover-type-none\"><img decoding=\"async\" width=\"3648\" height=\"2736\" src=\"https:\/\/jordipujoljardiner.es\/wp-content\/uploads\/2012\/03\/P3070157.jpg\" class=\"attachment-full size-full\" alt=\"\" \/><\/div><\/div><\/div><div class=\"swiper-slide\"><div class=\"fusion-carousel-item-wrapper\"><div class=\"fusion-image-wrapper hover-type-none\"><img decoding=\"async\" width=\"1121\" height=\"1495\" src=\"https:\/\/jordipujoljardiner.es\/wp-content\/uploads\/2024\/10\/WhatsApp-Image-2024-10-24-at-13.10.09.jpeg\" class=\"attachment-full size-full\" alt=\"\" srcset=\"https:\/\/jordipujoljardiner.es\/wp-content\/uploads\/2024\/10\/WhatsApp-Image-2024-10-24-at-13.10.09-200x267.jpeg 200w, https:\/\/jordipujoljardiner.es\/wp-content\/uploads\/2024\/10\/WhatsApp-Image-2024-10-24-at-13.10.09-400x533.jpeg 400w, https:\/\/jordipujoljardiner.es\/wp-content\/uploads\/2024\/10\/WhatsApp-Image-2024-10-24-at-13.10.09-600x800.jpeg 600w, https:\/\/jordipujoljardiner.es\/wp-content\/uploads\/2024\/10\/WhatsApp-Image-2024-10-24-at-13.10.09-800x1067.jpeg 800w, https:\/\/jordipujoljardiner.es\/wp-content\/uploads\/2024\/10\/WhatsApp-Image-2024-10-24-at-13.10.09.jpeg 1121w\" sizes=\"(min-width: 2200px) 100vw, (min-width: 712px) 784px, (min-width: 640px) 712px, \" \/><\/div><\/div><\/div><\/div><div class=\"awb-swiper-button awb-swiper-button-prev\"><i class=\"awb-icon-angle-left\" aria-hidden=\"true\"><\/i><\/div><div class=\"awb-swiper-button awb-swiper-button-next\"><i class=\"awb-icon-angle-right\" aria-hidden=\"true\"><\/i><\/div><\/div><\/div><\/div><\/div><div class=\"fusion-layout-column fusion_builder_column fusion-builder-column-1 fusion_builder_column_2_5 2_5 fusion-flex-column\" style=\"--awb-bg-size:cover;--awb-width-large:40%;--awb-margin-top-large:0px;--awb-spacing-right-large:4.8%;--awb-margin-bottom-large:20px;--awb-spacing-left-large:4.8%;--awb-width-medium:100%;--awb-order-medium:0;--awb-spacing-right-medium:1.92%;--awb-spacing-left-medium:1.92%;--awb-width-small:100%;--awb-order-small:0;--awb-spacing-right-small:1.92%;--awb-spacing-left-small:1.92%;\"><div class=\"fusion-column-wrapper fusion-column-has-shadow fusion-flex-justify-content-flex-start fusion-content-layout-column\"><div class=\"fusion-image-element \" style=\"--awb-caption-title-font-family:var(--h2_typography-font-family);--awb-caption-title-font-weight:var(--h2_typography-font-weight);--awb-caption-title-font-style:var(--h2_typography-font-style);--awb-caption-title-size:var(--h2_typography-font-size);--awb-caption-title-transform:var(--h2_typography-text-transform);--awb-caption-title-line-height:var(--h2_typography-line-height);--awb-caption-title-letter-spacing:var(--h2_typography-letter-spacing);\"><span class=\" fusion-imageframe imageframe-none imageframe-1 hover-type-none\"><img decoding=\"async\" width=\"768\" height=\"1024\" src=\"https:\/\/jordipujoljardiner.es\/wp-content\/uploads\/2014\/04\/jardin-PdM-despues.jpg\" alt class=\"img-responsive wp-image-2013\" srcset=\"https:\/\/jordipujoljardiner.es\/wp-content\/uploads\/2014\/04\/jardin-PdM-despues-225x300.jpg 225w, https:\/\/jordipujoljardiner.es\/wp-content\/uploads\/2014\/04\/jardin-PdM-despues.jpg 768w\" sizes=\"(max-width: 768px) 100vw, 768px\" \/><\/span><\/div><\/div><\/div><\/div><\/div><div class=\"fusion-fullwidth fullwidth-box fusion-builder-row-2 fusion-flex-container has-pattern-background has-mask-background nonhundred-percent-fullwidth non-hundred-percent-height-scrolling\" style=\"--awb-border-radius-top-left:0px;--awb-border-radius-top-right:0px;--awb-border-radius-bottom-right:0px;--awb-border-radius-bottom-left:0px;--awb-flex-wrap:wrap;\" ><div class=\"fusion-builder-row fusion-row fusion-flex-align-items-flex-start fusion-flex-content-wrap\" style=\"max-width:93.6%;margin-left: calc(-4% \/ 2 );margin-right: calc(-4% \/ 2 );\"><div class=\"fusion-layout-column fusion_builder_column fusion-builder-column-2 fusion_builder_column_1_5 1_5 fusion-flex-column\" style=\"--awb-bg-size:cover;--awb-width-large:20%;--awb-margin-top-large:0px;--awb-spacing-right-large:9.6%;--awb-margin-bottom-large:20px;--awb-spacing-left-large:9.6%;--awb-width-medium:100%;--awb-order-medium:0;--awb-spacing-right-medium:1.92%;--awb-spacing-left-medium:1.92%;--awb-width-small:100%;--awb-order-small:0;--awb-spacing-right-small:1.92%;--awb-spacing-left-small:1.92%;\"><div class=\"fusion-column-wrapper fusion-column-has-shadow fusion-flex-justify-content-flex-start fusion-content-layout-column\"><\/div><\/div><div class=\"fusion-layout-column fusion_builder_column fusion-builder-column-3 fusion_builder_column_3_5 3_5 fusion-flex-column\" style=\"--awb-bg-size:cover;--awb-width-large:60%;--awb-margin-top-large:0px;--awb-spacing-right-large:3.2%;--awb-margin-bottom-large:20px;--awb-spacing-left-large:3.2%;--awb-width-medium:100%;--awb-order-medium:0;--awb-spacing-right-medium:1.92%;--awb-spacing-left-medium:1.92%;--awb-width-small:100%;--awb-order-small:0;--awb-spacing-right-small:1.92%;--awb-spacing-left-small:1.92%;\"><div class=\"fusion-column-wrapper fusion-column-has-shadow fusion-flex-justify-content-flex-start fusion-content-layout-column\"><div class=\"fusion-text fusion-text-4\"><p>Truqui\u2019ns o envi\u00ef\u2019ns un correu electr\u00f2nic i ens posarem en contacte per parlar el nou projecte.<\/p>\n<\/div>\n<div class=\"wpcf7 no-js\" id=\"wpcf7-f1535-o1\" lang=\"es-ES\" dir=\"ltr\" data-wpcf7-id=\"1535\">\n<div class=\"screen-reader-response\"><p role=\"status\" aria-live=\"polite\" aria-atomic=\"true\"><\/p> <ul><\/ul><\/div>\n<form action=\"\/ca\/wp-json\/wp\/v2\/pages\/1447#wpcf7-f1535-o1\" method=\"post\" class=\"wpcf7-form init\" aria-label=\"Formulario de contacto\" novalidate=\"novalidate\" data-status=\"init\">\n<fieldset class=\"hidden-fields-container\"><input type=\"hidden\" name=\"_wpcf7\" value=\"1535\" \/><input type=\"hidden\" name=\"_wpcf7_version\" value=\"6.1.4\" \/><input type=\"hidden\" name=\"_wpcf7_locale\" value=\"es_ES\" \/><input type=\"hidden\" name=\"_wpcf7_unit_tag\" value=\"wpcf7-f1535-o1\" \/><input type=\"hidden\" name=\"_wpcf7_container_post\" value=\"0\" \/><input type=\"hidden\" name=\"_wpcf7_posted_data_hash\" value=\"\" \/>\n<\/fieldset>\n<p>Nom (obligatori)\n<\/p>\n<p><span class=\"wpcf7-form-control-wrap\" data-name=\"your-name\"><input size=\"40\" maxlength=\"400\" class=\"wpcf7-form-control wpcf7-text wpcf7-validates-as-required\" aria-required=\"true\" aria-invalid=\"false\" value=\"\" type=\"text\" name=\"your-name\" \/><\/span>\n<\/p>\n<p>Correu electr\u00f2nic (obligatori)\n<\/p>\n<p><span class=\"wpcf7-form-control-wrap\" data-name=\"your-email\"><input size=\"40\" maxlength=\"400\" class=\"wpcf7-form-control wpcf7-email wpcf7-validates-as-required wpcf7-text wpcf7-validates-as-email\" aria-required=\"true\" aria-invalid=\"false\" value=\"\" type=\"email\" name=\"your-email\" \/><\/span>\n<\/p>\n<p>Assumpte\n<\/p>\n<p><span class=\"wpcf7-form-control-wrap\" data-name=\"your-subject\"><input size=\"40\" maxlength=\"400\" class=\"wpcf7-form-control wpcf7-text\" aria-invalid=\"false\" value=\"\" type=\"text\" name=\"your-subject\" \/><\/span>\n<\/p>\n<p>Meissatge\n<\/p>\n<p><span class=\"wpcf7-form-control-wrap\" data-name=\"your-message\"><textarea cols=\"40\" rows=\"10\" maxlength=\"2000\" class=\"wpcf7-form-control wpcf7-textarea\" aria-invalid=\"false\" name=\"your-message\"><\/textarea><\/span>\n<\/p>\n<p><input class=\"wpcf7-form-control wpcf7-submit has-spinner\" type=\"submit\" value=\"Enviar\" \/>\n<\/p><div class=\"fusion-alert alert custom alert-custom fusion-alert-center wpcf7-response-output awb-alert-native-link-color alert-dismissable awb-alert-close-boxed\" style=\"--awb-border-size:1px;--awb-border-top-left-radius:0px;--awb-border-top-right-radius:0px;--awb-border-bottom-left-radius:0px;--awb-border-bottom-right-radius:0px;\" role=\"alert\"><div class=\"fusion-alert-content-wrapper\"><span class=\"fusion-alert-content\"><\/span><\/div><button type=\"button\" class=\"close toggle-alert\" data-dismiss=\"alert\" aria-label=\"Close\">&times;<\/button><\/div>\n<\/form>\n<\/div>\n<\/div><\/div><div class=\"fusion-layout-column fusion_builder_column fusion-builder-column-4 fusion_builder_column_1_5 1_5 fusion-flex-column\" style=\"--awb-bg-size:cover;--awb-width-large:20%;--awb-margin-top-large:0px;--awb-spacing-right-large:9.6%;--awb-margin-bottom-large:20px;--awb-spacing-left-large:9.6%;--awb-width-medium:100%;--awb-order-medium:0;--awb-spacing-right-medium:1.92%;--awb-spacing-left-medium:1.92%;--awb-width-small:100%;--awb-order-small:0;--awb-spacing-right-small:1.92%;--awb-spacing-left-small:1.92%;\"><div class=\"fusion-column-wrapper fusion-column-has-shadow fusion-flex-justify-content-flex-start fusion-content-layout-column\"><\/div><\/div><\/div><\/div><\/p>\n","protected":false},"excerpt":{"rendered":"","protected":false},"author":5,"featured_media":0,"parent":0,"menu_order":0,"comment_status":"closed","ping_status":"closed","template":"","meta":{"footnotes":""},"class_list":["post-1447","page","type-page","status-publish","hentry"],"yoast_head":"<!-- This site is optimized with the Yoast SEO plugin v26.7 - https:\/\/yoast.com\/wordpress\/plugins\/seo\/ -->\n<title>Idees per al jard\u00ed - Jordi Pujol Jardiner<\/title>\n<meta name=\"description\" content=\"Si tenen idees per a la seva jard\u00ed, cu\u00e9ntenoslas, i en Jordi Pujol Jardins els ajudarem a fer-les realitat en el seu jard\u00ed.\" \/>\n<meta name=\"robots\" content=\"index, follow, max-snippet:-1, max-image-preview:large, max-video-preview:-1\" \/>\n<link rel=\"canonical\" href=\"https:\/\/jordipujoljardiner.es\/ca\/ideas\/\" \/>\n<meta property=\"og:locale\" content=\"ca_ES\" \/>\n<meta property=\"og:type\" content=\"article\" \/>\n<meta property=\"og:title\" content=\"Idees per al jard\u00ed - Jordi Pujol Jardiner\" \/>\n<meta property=\"og:description\" content=\"Si tenen idees per a la seva jard\u00ed, cu\u00e9ntenoslas, i en Jordi Pujol Jardins els ajudarem a fer-les realitat en el seu jard\u00ed.\" \/>\n<meta property=\"og:url\" content=\"https:\/\/jordipujoljardiner.es\/ca\/ideas\/\" \/>\n<meta property=\"og:site_name\" content=\"Jordi Pujol Jardiner\" \/>\n<meta property=\"article:modified_time\" content=\"2025-01-10T08:33:58+00:00\" \/>\n<meta name=\"twitter:card\" content=\"summary_large_image\" \/>\n<meta name=\"twitter:label1\" content=\"Temps estimat de lectura\" \/>\n\t<meta name=\"twitter:data1\" content=\"3 minuts\" \/>\n<script type=\"application\/ld+json\" class=\"yoast-schema-graph\">{\"@context\":\"https:\/\/schema.org\",\"@graph\":[{\"@type\":\"WebPage\",\"@id\":\"https:\/\/jordipujoljardiner.es\/ca\/ideas\/\",\"url\":\"https:\/\/jordipujoljardiner.es\/ca\/ideas\/\",\"name\":\"Idees per al jard\u00ed - Jordi Pujol Jardiner\",\"isPartOf\":{\"@id\":\"https:\/\/jordipujoljardiner.es\/#website\"},\"datePublished\":\"2012-03-13T12:14:33+00:00\",\"dateModified\":\"2025-01-10T08:33:58+00:00\",\"description\":\"Si tenen idees per a la seva jard\u00ed, cu\u00e9ntenoslas, i en Jordi Pujol Jardins els ajudarem a fer-les realitat en el seu jard\u00ed.\",\"breadcrumb\":{\"@id\":\"https:\/\/jordipujoljardiner.es\/ca\/ideas\/#breadcrumb\"},\"inLanguage\":\"ca\",\"potentialAction\":[{\"@type\":\"ReadAction\",\"target\":[\"https:\/\/jordipujoljardiner.es\/ca\/ideas\/\"]}]},{\"@type\":\"BreadcrumbList\",\"@id\":\"https:\/\/jordipujoljardiner.es\/ca\/ideas\/#breadcrumb\",\"itemListElement\":[{\"@type\":\"ListItem\",\"position\":1,\"name\":\"Portada\",\"item\":\"https:\/\/jordipujoljardiner.es\/ca\/\"},{\"@type\":\"ListItem\",\"position\":2,\"name\":\"Idees per al jard\u00ed\"}]},{\"@type\":\"WebSite\",\"@id\":\"https:\/\/jordipujoljardiner.es\/#website\",\"url\":\"https:\/\/jordipujoljardiner.es\/\",\"name\":\"Jordi Pujol Jardiner\",\"description\":\"Jardiners Alella\",\"potentialAction\":[{\"@type\":\"SearchAction\",\"target\":{\"@type\":\"EntryPoint\",\"urlTemplate\":\"https:\/\/jordipujoljardiner.es\/?s={search_term_string}\"},\"query-input\":{\"@type\":\"PropertyValueSpecification\",\"valueRequired\":true,\"valueName\":\"search_term_string\"}}],\"inLanguage\":\"ca\"}]}<\/script>\n<!-- \/ Yoast SEO plugin. -->","yoast_head_json":{"title":"Idees per al jard\u00ed - Jordi Pujol Jardiner","description":"Si tenen idees per a la seva jard\u00ed, cu\u00e9ntenoslas, i en Jordi Pujol Jardins els ajudarem a fer-les realitat en el seu jard\u00ed.","robots":{"index":"index","follow":"follow","max-snippet":"max-snippet:-1","max-image-preview":"max-image-preview:large","max-video-preview":"max-video-preview:-1"},"canonical":"https:\/\/jordipujoljardiner.es\/ca\/ideas\/","og_locale":"ca_ES","og_type":"article","og_title":"Idees per al jard\u00ed - Jordi Pujol Jardiner","og_description":"Si tenen idees per a la seva jard\u00ed, cu\u00e9ntenoslas, i en Jordi Pujol Jardins els ajudarem a fer-les realitat en el seu jard\u00ed.","og_url":"https:\/\/jordipujoljardiner.es\/ca\/ideas\/","og_site_name":"Jordi Pujol Jardiner","article_modified_time":"2025-01-10T08:33:58+00:00","twitter_card":"summary_large_image","twitter_misc":{"Temps estimat de lectura":"3 minuts"},"schema":{"@context":"https:\/\/schema.org","@graph":[{"@type":"WebPage","@id":"https:\/\/jordipujoljardiner.es\/ca\/ideas\/","url":"https:\/\/jordipujoljardiner.es\/ca\/ideas\/","name":"Idees per al jard\u00ed - Jordi Pujol Jardiner","isPartOf":{"@id":"https:\/\/jordipujoljardiner.es\/#website"},"datePublished":"2012-03-13T12:14:33+00:00","dateModified":"2025-01-10T08:33:58+00:00","description":"Si tenen idees per a la seva jard\u00ed, cu\u00e9ntenoslas, i en Jordi Pujol Jardins els ajudarem a fer-les realitat en el seu jard\u00ed.","breadcrumb":{"@id":"https:\/\/jordipujoljardiner.es\/ca\/ideas\/#breadcrumb"},"inLanguage":"ca","potentialAction":[{"@type":"ReadAction","target":["https:\/\/jordipujoljardiner.es\/ca\/ideas\/"]}]},{"@type":"BreadcrumbList","@id":"https:\/\/jordipujoljardiner.es\/ca\/ideas\/#breadcrumb","itemListElement":[{"@type":"ListItem","position":1,"name":"Portada","item":"https:\/\/jordipujoljardiner.es\/ca\/"},{"@type":"ListItem","position":2,"name":"Idees per al jard\u00ed"}]},{"@type":"WebSite","@id":"https:\/\/jordipujoljardiner.es\/#website","url":"https:\/\/jordipujoljardiner.es\/","name":"Jordi Pujol Jardiner","description":"Jardiners Alella","potentialAction":[{"@type":"SearchAction","target":{"@type":"EntryPoint","urlTemplate":"https:\/\/jordipujoljardiner.es\/?s={search_term_string}"},"query-input":{"@type":"PropertyValueSpecification","valueRequired":true,"valueName":"search_term_string"}}],"inLanguage":"ca"}]}},"_links":{"self":[{"href":"https:\/\/jordipujoljardiner.es\/ca\/wp-json\/wp\/v2\/pages\/1447","targetHints":{"allow":["GET"]}}],"collection":[{"href":"https:\/\/jordipujoljardiner.es\/ca\/wp-json\/wp\/v2\/pages"}],"about":[{"href":"https:\/\/jordipujoljardiner.es\/ca\/wp-json\/wp\/v2\/types\/page"}],"author":[{"embeddable":true,"href":"https:\/\/jordipujoljardiner.es\/ca\/wp-json\/wp\/v2\/users\/5"}],"replies":[{"embeddable":true,"href":"https:\/\/jordipujoljardiner.es\/ca\/wp-json\/wp\/v2\/comments?post=1447"}],"version-history":[{"count":6,"href":"https:\/\/jordipujoljardiner.es\/ca\/wp-json\/wp\/v2\/pages\/1447\/revisions"}],"predecessor-version":[{"id":2855,"href":"https:\/\/jordipujoljardiner.es\/ca\/wp-json\/wp\/v2\/pages\/1447\/revisions\/2855"}],"wp:attachment":[{"href":"https:\/\/jordipujoljardiner.es\/ca\/wp-json\/wp\/v2\/media?parent=1447"}],"curies":[{"name":"wp","href":"https:\/\/api.w.org\/{rel}","templated":true}]}}