{"id":1427,"date":"2012-03-12T21:06:02","date_gmt":"2012-03-12T21:06:02","guid":{"rendered":"http:\/\/jordipujoljardiner.es\/ca\/disenar-el-jardin\/"},"modified":"2025-01-10T08:29:51","modified_gmt":"2025-01-10T08:29:51","slug":"disenar-el-jardin","status":"publish","type":"page","link":"https:\/\/jordipujoljardiner.es\/ca\/disenar-el-jardin\/","title":{"rendered":"Dissenyar el jard\u00ed"},"content":{"rendered":"<p><div class=\"fusion-fullwidth fullwidth-box fusion-builder-row-1 fusion-flex-container has-pattern-background has-mask-background nonhundred-percent-fullwidth non-hundred-percent-height-scrolling\" style=\"--awb-border-radius-top-left:0px;--awb-border-radius-top-right:0px;--awb-border-radius-bottom-right:0px;--awb-border-radius-bottom-left:0px;--awb-flex-wrap:wrap;\" ><div class=\"fusion-builder-row fusion-row fusion-flex-align-items-flex-start fusion-flex-content-wrap\" style=\"max-width:93.6%;margin-left: calc(-4% \/ 2 );margin-right: calc(-4% \/ 2 );\"><div class=\"fusion-layout-column fusion_builder_column fusion-builder-column-0 fusion_builder_column_3_5 3_5 fusion-flex-column\" style=\"--awb-bg-size:cover;--awb-width-large:60%;--awb-margin-top-large:0px;--awb-spacing-right-large:3.2%;--awb-margin-bottom-large:20px;--awb-spacing-left-large:3.2%;--awb-width-medium:100%;--awb-order-medium:0;--awb-spacing-right-medium:1.92%;--awb-spacing-left-medium:1.92%;--awb-width-small:100%;--awb-order-small:0;--awb-spacing-right-small:1.92%;--awb-spacing-left-small:1.92%;\"><div class=\"fusion-column-wrapper fusion-column-has-shadow fusion-flex-justify-content-flex-start fusion-content-layout-column\"><div class=\"fusion-text fusion-text-1\"><p>Si voleu renovar el vostre jard\u00ed o terrassa, redissenyar-lo o construir-lo de nou, afegir-li una piscina o un decoraci\u00f3 natural, nosaltres els podem ajudar.<\/p>\n<p><strong>Dissenyem el jard\u00ed conjuntament <\/strong>amb vost\u00e8s, i us podem subministrar tot el material.<\/p>\n<p>A Jordi Pujol Jardiners podem ocupar-nos de la composici\u00f3 total del jard\u00ed, per\u00f2 en cas que es vulgui fer a part la feina de jardineria de la de la tasca de disseny, es pot estudiar si interessen tirar les dues propostes plegades o per separat.<\/p>\n<p>Podeu veure i agafar idees d&#8217;altres projectes en jardins, visitant la nostra <strong><a href=\"http:\/\/jordipujoljardiner.es\/galeria-de-fotos\/\">galeria fotogr\u00e0fica <\/a>.<\/strong><\/p>\n<p>Truqui&#8217;ns o envi\u00ef&#8217;ns un correu electr\u00f2nic i ens posarem en contacte per parlar el nou projecte.<\/p>\n<\/div><div class=\"fusion-text fusion-text-2\">\n\t\t<style type=\"text\/css\">\n\t\t\t#gallery-1 {\n\t\t\t\tmargin: auto;\n\t\t\t}\n\t\t\t#gallery-1 .gallery-item {\n\t\t\t\tfloat: left;\n\t\t\t\tmargin-top: 10px;\n\t\t\t\ttext-align: center;\n\t\t\t\twidth: 33%;\n\t\t\t}\n\t\t\t#gallery-1 img {\n\t\t\t\tborder: 2px solid #cfcfcf;\n\t\t\t}\n\t\t\t#gallery-1 .gallery-caption {\n\t\t\t\tmargin-left: 0;\n\t\t\t}\n\t\t\t\/* see gallery_shortcode() in wp-includes\/media.php *\/\n\t\t<\/style>\n\t\t<div id='gallery-1' class='gallery galleryid-1427 gallery-columns-3 gallery-size-large'><dl class='gallery-item'>\n\t\t\t<dt class='gallery-icon landscape'>\n\t\t\t\t<a data-rel=\"iLightbox[postimages]\" data-title=\"Composici\u00f3n rustica\" data-caption=\"\" href='https:\/\/jordipujoljardiner.es\/wp-content\/uploads\/2012\/03\/File0297.jpg'><img decoding=\"async\" width=\"1024\" height=\"679\" src=\"https:\/\/jordipujoljardiner.es\/wp-content\/uploads\/2012\/03\/File0297-1024x679.jpg\" class=\"attachment-large size-large\" alt=\"\" srcset=\"https:\/\/jordipujoljardiner.es\/wp-content\/uploads\/2012\/03\/File0297-300x199.jpg 300w, https:\/\/jordipujoljardiner.es\/wp-content\/uploads\/2012\/03\/File0297-1024x679.jpg 1024w, https:\/\/jordipujoljardiner.es\/wp-content\/uploads\/2012\/03\/File0297.jpg 1782w\" sizes=\"(max-width: 1024px) 100vw, 1024px\" \/><\/a>\n\t\t\t<\/dt><\/dl><dl class='gallery-item'>\n\t\t\t<dt class='gallery-icon landscape'>\n\t\t\t\t<a data-rel=\"iLightbox[postimages]\" data-title=\"composicion copa\" data-caption=\"\" href='https:\/\/jordipujoljardiner.es\/wp-content\/uploads\/2012\/03\/File02071.jpg'><img decoding=\"async\" width=\"1024\" height=\"688\" src=\"https:\/\/jordipujoljardiner.es\/wp-content\/uploads\/2012\/03\/File02071-1024x688.jpg\" class=\"attachment-large size-large\" alt=\"\" srcset=\"https:\/\/jordipujoljardiner.es\/wp-content\/uploads\/2012\/03\/File02071-300x202.jpg 300w, https:\/\/jordipujoljardiner.es\/wp-content\/uploads\/2012\/03\/File02071-1024x688.jpg 1024w, https:\/\/jordipujoljardiner.es\/wp-content\/uploads\/2012\/03\/File02071.jpg 1758w\" sizes=\"(max-width: 1024px) 100vw, 1024px\" \/><\/a>\n\t\t\t<\/dt><\/dl><dl class='gallery-item'>\n\t\t\t<dt class='gallery-icon landscape'>\n\t\t\t\t<a data-rel=\"iLightbox[postimages]\" data-title=\"cesped mantenimiento\" data-caption=\"\" href='https:\/\/jordipujoljardiner.es\/wp-content\/uploads\/2012\/04\/cesped-mantenimiento-e1487090993646.jpg'><img decoding=\"async\" width=\"1024\" height=\"679\" src=\"https:\/\/jordipujoljardiner.es\/wp-content\/uploads\/2012\/04\/cesped-mantenimiento-1024x679.jpg\" class=\"attachment-large size-large\" alt=\"\" srcset=\"https:\/\/jordipujoljardiner.es\/wp-content\/uploads\/2012\/04\/cesped-mantenimiento-300x199.jpg 300w, https:\/\/jordipujoljardiner.es\/wp-content\/uploads\/2012\/04\/cesped-mantenimiento-e1487090993646.jpg 500w, https:\/\/jordipujoljardiner.es\/wp-content\/uploads\/2012\/04\/cesped-mantenimiento-1024x679.jpg 1024w\" sizes=\"(max-width: 1024px) 100vw, 1024px\" \/><\/a>\n\t\t\t<\/dt><\/dl><br style=\"clear: both\" \/>\n\t\t<\/div>\n\n<\/div><\/div><\/div><div class=\"fusion-layout-column fusion_builder_column fusion-builder-column-1 fusion_builder_column_2_5 2_5 fusion-flex-column\" style=\"--awb-bg-size:cover;--awb-width-large:40%;--awb-margin-top-large:0px;--awb-spacing-right-large:4.8%;--awb-margin-bottom-large:20px;--awb-spacing-left-large:4.8%;--awb-width-medium:100%;--awb-order-medium:0;--awb-spacing-right-medium:1.92%;--awb-spacing-left-medium:1.92%;--awb-width-small:100%;--awb-order-small:0;--awb-spacing-right-small:1.92%;--awb-spacing-left-small:1.92%;\"><div class=\"fusion-column-wrapper fusion-column-has-shadow fusion-flex-justify-content-flex-start fusion-content-layout-column\"><div class=\"fusion-image-element \" style=\"--awb-caption-title-font-family:var(--h2_typography-font-family);--awb-caption-title-font-weight:var(--h2_typography-font-weight);--awb-caption-title-font-style:var(--h2_typography-font-style);--awb-caption-title-size:var(--h2_typography-font-size);--awb-caption-title-transform:var(--h2_typography-text-transform);--awb-caption-title-line-height:var(--h2_typography-line-height);--awb-caption-title-letter-spacing:var(--h2_typography-letter-spacing);\"><span class=\" fusion-imageframe imageframe-none imageframe-1 hover-type-none\"><img decoding=\"async\" width=\"683\" height=\"1024\" alt=\"composicion en arbol\" title=\"composicion en arbol\" src=\"https:\/\/jordipujoljardiner.es\/wp-content\/uploads\/2012\/03\/File01831-683x1024.jpg\" class=\"img-responsive wp-image-1885\" srcset=\"https:\/\/jordipujoljardiner.es\/wp-content\/uploads\/2012\/03\/File01831-200x300.jpg 200w, https:\/\/jordipujoljardiner.es\/wp-content\/uploads\/2012\/03\/File01831.jpg 1176w\" sizes=\"(max-width: 1024px) 100vw, (max-width: 640px) 100vw, 683px\" \/><\/span><\/div><\/div><\/div><\/div><\/div><div class=\"fusion-fullwidth fullwidth-box fusion-builder-row-2 fusion-flex-container has-pattern-background has-mask-background nonhundred-percent-fullwidth non-hundred-percent-height-scrolling\" style=\"--awb-border-radius-top-left:0px;--awb-border-radius-top-right:0px;--awb-border-radius-bottom-right:0px;--awb-border-radius-bottom-left:0px;--awb-flex-wrap:wrap;\" ><div class=\"fusion-builder-row fusion-row fusion-flex-align-items-flex-start fusion-flex-content-wrap\" style=\"max-width:93.6%;margin-left: calc(-4% \/ 2 );margin-right: calc(-4% \/ 2 );\"><div class=\"fusion-layout-column fusion_builder_column fusion-builder-column-2 fusion_builder_column_1_5 1_5 fusion-flex-column\" style=\"--awb-bg-size:cover;--awb-width-large:20%;--awb-margin-top-large:0px;--awb-spacing-right-large:9.6%;--awb-margin-bottom-large:20px;--awb-spacing-left-large:9.6%;--awb-width-medium:100%;--awb-order-medium:0;--awb-spacing-right-medium:1.92%;--awb-spacing-left-medium:1.92%;--awb-width-small:100%;--awb-order-small:0;--awb-spacing-right-small:1.92%;--awb-spacing-left-small:1.92%;\"><div class=\"fusion-column-wrapper fusion-column-has-shadow fusion-flex-justify-content-flex-start fusion-content-layout-column\"><\/div><\/div><div class=\"fusion-layout-column fusion_builder_column fusion-builder-column-3 fusion_builder_column_3_5 3_5 fusion-flex-column\" style=\"--awb-bg-size:cover;--awb-width-large:60%;--awb-margin-top-large:0px;--awb-spacing-right-large:3.2%;--awb-margin-bottom-large:20px;--awb-spacing-left-large:3.2%;--awb-width-medium:100%;--awb-order-medium:0;--awb-spacing-right-medium:1.92%;--awb-spacing-left-medium:1.92%;--awb-width-small:100%;--awb-order-small:0;--awb-spacing-right-small:1.92%;--awb-spacing-left-small:1.92%;\"><div class=\"fusion-column-wrapper fusion-column-has-shadow fusion-flex-justify-content-flex-start fusion-content-layout-column\"><div class=\"fusion-text fusion-text-3\"><p>Truqui&#8217;ns o envi\u00ef&#8217;ns un correu electr\u00f2nic i ens posarem en contacte per a parlar el nou projecte.<\/p>\n<\/div>\n<div class=\"wpcf7 no-js\" id=\"wpcf7-f1535-o1\" lang=\"es-ES\" dir=\"ltr\" data-wpcf7-id=\"1535\">\n<div class=\"screen-reader-response\"><p role=\"status\" aria-live=\"polite\" aria-atomic=\"true\"><\/p> <ul><\/ul><\/div>\n<form action=\"\/ca\/wp-json\/wp\/v2\/pages\/1427#wpcf7-f1535-o1\" method=\"post\" class=\"wpcf7-form init\" aria-label=\"Formulario de contacto\" novalidate=\"novalidate\" data-status=\"init\">\n<fieldset class=\"hidden-fields-container\"><input type=\"hidden\" name=\"_wpcf7\" value=\"1535\" \/><input type=\"hidden\" name=\"_wpcf7_version\" value=\"6.1.4\" \/><input type=\"hidden\" name=\"_wpcf7_locale\" value=\"es_ES\" \/><input type=\"hidden\" name=\"_wpcf7_unit_tag\" value=\"wpcf7-f1535-o1\" \/><input type=\"hidden\" name=\"_wpcf7_container_post\" value=\"0\" \/><input type=\"hidden\" name=\"_wpcf7_posted_data_hash\" value=\"\" \/>\n<\/fieldset>\n<p>Nom (obligatori)\n<\/p>\n<p><span class=\"wpcf7-form-control-wrap\" data-name=\"your-name\"><input size=\"40\" maxlength=\"400\" class=\"wpcf7-form-control wpcf7-text wpcf7-validates-as-required\" aria-required=\"true\" aria-invalid=\"false\" value=\"\" type=\"text\" name=\"your-name\" \/><\/span>\n<\/p>\n<p>Correu electr\u00f2nic (obligatori)\n<\/p>\n<p><span class=\"wpcf7-form-control-wrap\" data-name=\"your-email\"><input size=\"40\" maxlength=\"400\" class=\"wpcf7-form-control wpcf7-email wpcf7-validates-as-required wpcf7-text wpcf7-validates-as-email\" aria-required=\"true\" aria-invalid=\"false\" value=\"\" type=\"email\" name=\"your-email\" \/><\/span>\n<\/p>\n<p>Assumpte\n<\/p>\n<p><span class=\"wpcf7-form-control-wrap\" data-name=\"your-subject\"><input size=\"40\" maxlength=\"400\" class=\"wpcf7-form-control wpcf7-text\" aria-invalid=\"false\" value=\"\" type=\"text\" name=\"your-subject\" \/><\/span>\n<\/p>\n<p>Meissatge\n<\/p>\n<p><span class=\"wpcf7-form-control-wrap\" data-name=\"your-message\"><textarea cols=\"40\" rows=\"10\" maxlength=\"2000\" class=\"wpcf7-form-control wpcf7-textarea\" aria-invalid=\"false\" name=\"your-message\"><\/textarea><\/span>\n<\/p>\n<p><input class=\"wpcf7-form-control wpcf7-submit has-spinner\" type=\"submit\" value=\"Enviar\" \/>\n<\/p><div class=\"fusion-alert alert custom alert-custom fusion-alert-center wpcf7-response-output awb-alert-native-link-color alert-dismissable awb-alert-close-boxed\" style=\"--awb-border-size:1px;--awb-border-top-left-radius:0px;--awb-border-top-right-radius:0px;--awb-border-bottom-left-radius:0px;--awb-border-bottom-right-radius:0px;\" role=\"alert\"><div class=\"fusion-alert-content-wrapper\"><span class=\"fusion-alert-content\"><\/span><\/div><button type=\"button\" class=\"close toggle-alert\" data-dismiss=\"alert\" aria-label=\"Close\">&times;<\/button><\/div>\n<\/form>\n<\/div>\n<\/div><\/div><div class=\"fusion-layout-column fusion_builder_column fusion-builder-column-4 fusion_builder_column_1_5 1_5 fusion-flex-column\" style=\"--awb-bg-size:cover;--awb-width-large:20%;--awb-margin-top-large:0px;--awb-spacing-right-large:9.6%;--awb-margin-bottom-large:20px;--awb-spacing-left-large:9.6%;--awb-width-medium:100%;--awb-order-medium:0;--awb-spacing-right-medium:1.92%;--awb-spacing-left-medium:1.92%;--awb-width-small:100%;--awb-order-small:0;--awb-spacing-right-small:1.92%;--awb-spacing-left-small:1.92%;\"><div class=\"fusion-column-wrapper fusion-column-has-shadow fusion-flex-justify-content-flex-start fusion-content-layout-column\"><\/div><\/div><\/div><\/div><\/p>\n","protected":false},"excerpt":{"rendered":"","protected":false},"author":5,"featured_media":0,"parent":0,"menu_order":0,"comment_status":"closed","ping_status":"closed","template":"","meta":{"footnotes":""},"class_list":["post-1427","page","type-page","status-publish","hentry"],"yoast_head":"<!-- This site is optimized with the Yoast SEO plugin v26.7 - https:\/\/yoast.com\/wordpress\/plugins\/seo\/ -->\n<title>Dissenyar el jard\u00ed - Jordi Pujol Jardiner<\/title>\n<meta name=\"description\" content=\"A Jordi Pujol Jardiners, som uns professionals de dissenyar jardins i de realitzar els projectes adequant-los a les necessitats del seu jard\u00ed.\" \/>\n<meta name=\"robots\" content=\"index, follow, max-snippet:-1, max-image-preview:large, max-video-preview:-1\" \/>\n<link rel=\"canonical\" href=\"https:\/\/jordipujoljardiner.es\/ca\/disenar-el-jardin\/\" \/>\n<meta property=\"og:locale\" content=\"ca_ES\" \/>\n<meta property=\"og:type\" content=\"article\" \/>\n<meta property=\"og:title\" content=\"Dissenyar el jard\u00ed - Jordi Pujol Jardiner\" \/>\n<meta property=\"og:description\" content=\"A Jordi Pujol Jardiners, som uns professionals de dissenyar jardins i de realitzar els projectes adequant-los a les necessitats del seu jard\u00ed.\" \/>\n<meta property=\"og:url\" content=\"https:\/\/jordipujoljardiner.es\/ca\/disenar-el-jardin\/\" \/>\n<meta property=\"og:site_name\" content=\"Jordi Pujol Jardiner\" \/>\n<meta property=\"article:modified_time\" content=\"2025-01-10T08:29:51+00:00\" \/>\n<meta name=\"twitter:card\" content=\"summary_large_image\" \/>\n<meta name=\"twitter:label1\" content=\"Temps estimat de lectura\" \/>\n\t<meta name=\"twitter:data1\" content=\"2 minuts\" \/>\n<script type=\"application\/ld+json\" class=\"yoast-schema-graph\">{\"@context\":\"https:\/\/schema.org\",\"@graph\":[{\"@type\":\"WebPage\",\"@id\":\"https:\/\/jordipujoljardiner.es\/ca\/disenar-el-jardin\/\",\"url\":\"https:\/\/jordipujoljardiner.es\/ca\/disenar-el-jardin\/\",\"name\":\"Dissenyar el jard\u00ed - Jordi Pujol Jardiner\",\"isPartOf\":{\"@id\":\"https:\/\/jordipujoljardiner.es\/#website\"},\"datePublished\":\"2012-03-12T21:06:02+00:00\",\"dateModified\":\"2025-01-10T08:29:51+00:00\",\"description\":\"A Jordi Pujol Jardiners, som uns professionals de dissenyar jardins i de realitzar els projectes adequant-los a les necessitats del seu jard\u00ed.\",\"breadcrumb\":{\"@id\":\"https:\/\/jordipujoljardiner.es\/ca\/disenar-el-jardin\/#breadcrumb\"},\"inLanguage\":\"ca\",\"potentialAction\":[{\"@type\":\"ReadAction\",\"target\":[\"https:\/\/jordipujoljardiner.es\/ca\/disenar-el-jardin\/\"]}]},{\"@type\":\"BreadcrumbList\",\"@id\":\"https:\/\/jordipujoljardiner.es\/ca\/disenar-el-jardin\/#breadcrumb\",\"itemListElement\":[{\"@type\":\"ListItem\",\"position\":1,\"name\":\"Portada\",\"item\":\"https:\/\/jordipujoljardiner.es\/ca\/\"},{\"@type\":\"ListItem\",\"position\":2,\"name\":\"Dissenyar el jard\u00ed\"}]},{\"@type\":\"WebSite\",\"@id\":\"https:\/\/jordipujoljardiner.es\/#website\",\"url\":\"https:\/\/jordipujoljardiner.es\/\",\"name\":\"Jordi Pujol Jardiner\",\"description\":\"Jardiners Alella\",\"potentialAction\":[{\"@type\":\"SearchAction\",\"target\":{\"@type\":\"EntryPoint\",\"urlTemplate\":\"https:\/\/jordipujoljardiner.es\/?s={search_term_string}\"},\"query-input\":{\"@type\":\"PropertyValueSpecification\",\"valueRequired\":true,\"valueName\":\"search_term_string\"}}],\"inLanguage\":\"ca\"}]}<\/script>\n<!-- \/ Yoast SEO plugin. -->","yoast_head_json":{"title":"Dissenyar el jard\u00ed - Jordi Pujol Jardiner","description":"A Jordi Pujol Jardiners, som uns professionals de dissenyar jardins i de realitzar els projectes adequant-los a les necessitats del seu jard\u00ed.","robots":{"index":"index","follow":"follow","max-snippet":"max-snippet:-1","max-image-preview":"max-image-preview:large","max-video-preview":"max-video-preview:-1"},"canonical":"https:\/\/jordipujoljardiner.es\/ca\/disenar-el-jardin\/","og_locale":"ca_ES","og_type":"article","og_title":"Dissenyar el jard\u00ed - Jordi Pujol Jardiner","og_description":"A Jordi Pujol Jardiners, som uns professionals de dissenyar jardins i de realitzar els projectes adequant-los a les necessitats del seu jard\u00ed.","og_url":"https:\/\/jordipujoljardiner.es\/ca\/disenar-el-jardin\/","og_site_name":"Jordi Pujol Jardiner","article_modified_time":"2025-01-10T08:29:51+00:00","twitter_card":"summary_large_image","twitter_misc":{"Temps estimat de lectura":"2 minuts"},"schema":{"@context":"https:\/\/schema.org","@graph":[{"@type":"WebPage","@id":"https:\/\/jordipujoljardiner.es\/ca\/disenar-el-jardin\/","url":"https:\/\/jordipujoljardiner.es\/ca\/disenar-el-jardin\/","name":"Dissenyar el jard\u00ed - Jordi Pujol Jardiner","isPartOf":{"@id":"https:\/\/jordipujoljardiner.es\/#website"},"datePublished":"2012-03-12T21:06:02+00:00","dateModified":"2025-01-10T08:29:51+00:00","description":"A Jordi Pujol Jardiners, som uns professionals de dissenyar jardins i de realitzar els projectes adequant-los a les necessitats del seu jard\u00ed.","breadcrumb":{"@id":"https:\/\/jordipujoljardiner.es\/ca\/disenar-el-jardin\/#breadcrumb"},"inLanguage":"ca","potentialAction":[{"@type":"ReadAction","target":["https:\/\/jordipujoljardiner.es\/ca\/disenar-el-jardin\/"]}]},{"@type":"BreadcrumbList","@id":"https:\/\/jordipujoljardiner.es\/ca\/disenar-el-jardin\/#breadcrumb","itemListElement":[{"@type":"ListItem","position":1,"name":"Portada","item":"https:\/\/jordipujoljardiner.es\/ca\/"},{"@type":"ListItem","position":2,"name":"Dissenyar el jard\u00ed"}]},{"@type":"WebSite","@id":"https:\/\/jordipujoljardiner.es\/#website","url":"https:\/\/jordipujoljardiner.es\/","name":"Jordi Pujol Jardiner","description":"Jardiners Alella","potentialAction":[{"@type":"SearchAction","target":{"@type":"EntryPoint","urlTemplate":"https:\/\/jordipujoljardiner.es\/?s={search_term_string}"},"query-input":{"@type":"PropertyValueSpecification","valueRequired":true,"valueName":"search_term_string"}}],"inLanguage":"ca"}]}},"_links":{"self":[{"href":"https:\/\/jordipujoljardiner.es\/ca\/wp-json\/wp\/v2\/pages\/1427","targetHints":{"allow":["GET"]}}],"collection":[{"href":"https:\/\/jordipujoljardiner.es\/ca\/wp-json\/wp\/v2\/pages"}],"about":[{"href":"https:\/\/jordipujoljardiner.es\/ca\/wp-json\/wp\/v2\/types\/page"}],"author":[{"embeddable":true,"href":"https:\/\/jordipujoljardiner.es\/ca\/wp-json\/wp\/v2\/users\/5"}],"replies":[{"embeddable":true,"href":"https:\/\/jordipujoljardiner.es\/ca\/wp-json\/wp\/v2\/comments?post=1427"}],"version-history":[{"count":3,"href":"https:\/\/jordipujoljardiner.es\/ca\/wp-json\/wp\/v2\/pages\/1427\/revisions"}],"predecessor-version":[{"id":2854,"href":"https:\/\/jordipujoljardiner.es\/ca\/wp-json\/wp\/v2\/pages\/1427\/revisions\/2854"}],"wp:attachment":[{"href":"https:\/\/jordipujoljardiner.es\/ca\/wp-json\/wp\/v2\/media?parent=1427"}],"curies":[{"name":"wp","href":"https:\/\/api.w.org\/{rel}","templated":true}]}}